{"id":116,"date":"2025-04-09T06:17:25","date_gmt":"2025-04-09T06:17:25","guid":{"rendered":"https:\/\/camtinc.com\/?page_id=116"},"modified":"2025-08-16T15:35:36","modified_gmt":"2025-08-16T15:35:36","slug":"news","status":"publish","type":"page","link":"https:\/\/camtinc.com\/de\/news\/","title":{"rendered":"NEWS"},"content":{"rendered":"<div data-elementor-type=\"wp-page\" data-elementor-id=\"116\" class=\"elementor elementor-116\" data-elementor-post-type=\"page\">\n\t\t\t\t<div class=\"elementor-element elementor-element-5a2ea30 e-flex e-con-boxed e-con e-parent\" data-id=\"5a2ea30\" data-element_type=\"container\" data-e-type=\"container\" data-settings=\"{&quot;background_background&quot;:&quot;classic&quot;,&quot;shape_divider_bottom&quot;:&quot;curve&quot;}\">\n\t\t\t\t\t<div class=\"e-con-inner\">\n\t\t\t\t<div class=\"elementor-shape elementor-shape-bottom\" aria-hidden=\"true\" data-negative=\"false\">\n\t\t\t<svg xmlns=\"http:\/\/www.w3.org\/2000\/svg\" viewbox=\"0 0 1000 100\" preserveaspectratio=\"none\">\n    <path class=\"elementor-shape-fill\" d=\"M1000,4.3V0H0v4.3C0.9,23.1,126.7,99.2,500,100S1000,22.7,1000,4.3z\"\/>\n<\/svg>\t\t<\/div>\n\t\t<div class=\"elementor-element elementor-element-4c2154d e-con-full e-flex e-con e-child\" data-id=\"4c2154d\" data-element_type=\"container\" data-e-type=\"container\">\n\t\t\t\t<div class=\"elementor-element elementor-element-3720ba4 elementor-widget elementor-widget-heading\" data-id=\"3720ba4\" data-element_type=\"widget\" data-e-type=\"widget\" data-widget_type=\"heading.default\">\n\t\t\t\t\t<h2 class=\"elementor-heading-title elementor-size-default\">CAMT NEWS<\/h2>\t\t\t\t<\/div>\n\t\t\t\t<div class=\"elementor-element elementor-element-992d8dc elementor-widget elementor-widget-heading\" data-id=\"992d8dc\" data-element_type=\"widget\" data-e-type=\"widget\" data-widget_type=\"heading.default\">\n\t\t\t\t\t<p class=\"elementor-heading-title elementor-size-default\">Stay updated \u2013 subscribe now!<\/p>\t\t\t\t<\/div>\n\t\t\t\t<\/div>\n\t\t\t\t\t<\/div>\n\t\t\t\t<\/div>\n\t\t<div class=\"elementor-element elementor-element-dfb75d9 e-flex e-con-boxed e-con e-parent\" data-id=\"dfb75d9\" data-element_type=\"container\" data-e-type=\"container\">\n\t\t\t\t\t<div class=\"e-con-inner\">\n\t\t\t\t<div class=\"elementor-element elementor-element-44da422 elementor-grid-3 elementor-grid-tablet-2 elementor-grid-mobile-1 elementor-posts--thumbnail-top elementor-card-shadow-yes elementor-posts__hover-gradient elementor-widget elementor-widget-posts\" data-id=\"44da422\" data-element_type=\"widget\" data-e-type=\"widget\" data-settings=\"{&quot;pagination_type&quot;:&quot;numbers_and_prev_next&quot;,&quot;cards_columns&quot;:&quot;3&quot;,&quot;cards_columns_tablet&quot;:&quot;2&quot;,&quot;cards_columns_mobile&quot;:&quot;1&quot;,&quot;cards_row_gap&quot;:{&quot;unit&quot;:&quot;px&quot;,&quot;size&quot;:35,&quot;sizes&quot;:[]},&quot;cards_row_gap_tablet&quot;:{&quot;unit&quot;:&quot;px&quot;,&quot;size&quot;:&quot;&quot;,&quot;sizes&quot;:[]},&quot;cards_row_gap_mobile&quot;:{&quot;unit&quot;:&quot;px&quot;,&quot;size&quot;:&quot;&quot;,&quot;sizes&quot;:[]}}\" data-widget_type=\"posts.cards\">\n\t\t\t\t<div class=\"elementor-widget-container\">\n\t\t\t\t\t\t\t<div class=\"elementor-posts-container elementor-posts elementor-posts--skin-cards elementor-grid\" role=\"list\">\n\t\t\t\t<article class=\"elementor-post elementor-grid-item post-5118 post type-post status-publish format-standard has-post-thumbnail hentry category-camt-blog tag-blog\" role=\"listitem\">\n\t\t\t<div class=\"elementor-post__card\">\n\t\t\t\t<a class=\"elementor-post__thumbnail__link\" href=\"https:\/\/camtinc.com\/de\/what-afftects-the-press-brake-price\/\" tabindex=\"-1\"><div class=\"elementor-post__thumbnail\"><img fetchpriority=\"high\" decoding=\"async\" width=\"1920\" height=\"1080\" src=\"https:\/\/camtinc.com\/wp-content\/uploads\/2026\/04\/Press-brake-selection-guide.webp\" class=\"attachment-full size-full wp-image-5125\" alt=\"\" srcset=\"https:\/\/camtinc.com\/wp-content\/uploads\/2026\/04\/Press-brake-selection-guide.webp 1920w, https:\/\/camtinc.com\/wp-content\/uploads\/2026\/04\/Press-brake-selection-guide-300x169.webp 300w, https:\/\/camtinc.com\/wp-content\/uploads\/2026\/04\/Press-brake-selection-guide-1024x576.webp 1024w, https:\/\/camtinc.com\/wp-content\/uploads\/2026\/04\/Press-brake-selection-guide-768x432.webp 768w, https:\/\/camtinc.com\/wp-content\/uploads\/2026\/04\/Press-brake-selection-guide-1536x864.webp 1536w, https:\/\/camtinc.com\/wp-content\/uploads\/2026\/04\/Press-brake-selection-guide-18x10.webp 18w\" sizes=\"(max-width: 1920px) 100vw, 1920px\" \/><\/div><\/a>\n\t\t\t\t<div class=\"elementor-post__text\">\n\t\t\t\t<h3 class=\"elementor-post__title\">\n\t\t\t<a href=\"https:\/\/camtinc.com\/de\/what-afftects-the-press-brake-price\/\">\n\t\t\t\tWas beeinflusst den Preis einer Abkantpresse\t\t\t<\/a>\n\t\t<\/h3>\n\t\t\t\t<div class=\"elementor-post__excerpt\">\n\t\t\t<p>Was beeinflusst den Preis einer Abkantpresse<\/p>\n\t\t<\/div>\n\t\t\n\t\t<a class=\"elementor-post__read-more\" href=\"https:\/\/camtinc.com\/de\/what-afftects-the-press-brake-price\/\" aria-label=\"Read more about What Affects the Press Brake Price\" tabindex=\"-1\">\n\t\t\tRead More \u00bb\t\t<\/a>\n\n\t\t\t\t<\/div>\n\t\t\t\t\t<\/div>\n\t\t<\/article>\n\t\t\t\t<article class=\"elementor-post elementor-grid-item post-5028 post type-post status-publish format-standard has-post-thumbnail hentry category-camt-blog tag-blog\" role=\"listitem\">\n\t\t\t<div class=\"elementor-post__card\">\n\t\t\t\t<a class=\"elementor-post__thumbnail__link\" href=\"https:\/\/camtinc.com\/de\/what-is-a-cnc-press-brake-price\/\" tabindex=\"-1\"><div class=\"elementor-post__thumbnail\"><img decoding=\"async\" width=\"1920\" height=\"1080\" src=\"https:\/\/camtinc.com\/wp-content\/uploads\/2026\/03\/cnc-press-brake-workshop.webp\" class=\"attachment-full size-full wp-image-5030\" alt=\"\" srcset=\"https:\/\/camtinc.com\/wp-content\/uploads\/2026\/03\/cnc-press-brake-workshop.webp 1920w, https:\/\/camtinc.com\/wp-content\/uploads\/2026\/03\/cnc-press-brake-workshop-300x169.webp 300w, https:\/\/camtinc.com\/wp-content\/uploads\/2026\/03\/cnc-press-brake-workshop-1024x576.webp 1024w, https:\/\/camtinc.com\/wp-content\/uploads\/2026\/03\/cnc-press-brake-workshop-768x432.webp 768w, https:\/\/camtinc.com\/wp-content\/uploads\/2026\/03\/cnc-press-brake-workshop-1536x864.webp 1536w, https:\/\/camtinc.com\/wp-content\/uploads\/2026\/03\/cnc-press-brake-workshop-18x10.webp 18w\" sizes=\"(max-width: 1920px) 100vw, 1920px\" \/><\/div><\/a>\n\t\t\t\t<div class=\"elementor-post__text\">\n\t\t\t\t<h3 class=\"elementor-post__title\">\n\t\t\t<a href=\"https:\/\/camtinc.com\/de\/what-is-a-cnc-press-brake-price\/\">\n\t\t\t\tWhat Is A CNC Press Brake Price\t\t\t<\/a>\n\t\t<\/h3>\n\t\t\t\t<div class=\"elementor-post__excerpt\">\n\t\t\t<p>Was ist ein CNC-Abkantpressenpreis 2026<\/p>\n\t\t<\/div>\n\t\t\n\t\t<a class=\"elementor-post__read-more\" href=\"https:\/\/camtinc.com\/de\/what-is-a-cnc-press-brake-price\/\" aria-label=\"Read more about What Is A CNC Press Brake Price\" tabindex=\"-1\">\n\t\t\tRead More \u00bb\t\t<\/a>\n\n\t\t\t\t<\/div>\n\t\t\t\t\t<\/div>\n\t\t<\/article>\n\t\t\t\t<article class=\"elementor-post elementor-grid-item post-4979 post type-post status-publish format-standard has-post-thumbnail hentry category-camt-blog tag-blog\" role=\"listitem\">\n\t\t\t<div class=\"elementor-post__card\">\n\t\t\t\t<a class=\"elementor-post__thumbnail__link\" href=\"https:\/\/camtinc.com\/de\/common-press-brake-buying-mistakes\/\" tabindex=\"-1\"><div class=\"elementor-post__thumbnail\"><img decoding=\"async\" width=\"1920\" height=\"1080\" src=\"https:\/\/camtinc.com\/wp-content\/uploads\/2026\/03\/Press-brake-machine-in-workshop.webp\" class=\"attachment-full size-full wp-image-4981\" alt=\"press brake buying mistakes\" srcset=\"https:\/\/camtinc.com\/wp-content\/uploads\/2026\/03\/Press-brake-machine-in-workshop.webp 1920w, https:\/\/camtinc.com\/wp-content\/uploads\/2026\/03\/Press-brake-machine-in-workshop-300x169.webp 300w, https:\/\/camtinc.com\/wp-content\/uploads\/2026\/03\/Press-brake-machine-in-workshop-1024x576.webp 1024w, https:\/\/camtinc.com\/wp-content\/uploads\/2026\/03\/Press-brake-machine-in-workshop-768x432.webp 768w, https:\/\/camtinc.com\/wp-content\/uploads\/2026\/03\/Press-brake-machine-in-workshop-1536x864.webp 1536w, https:\/\/camtinc.com\/wp-content\/uploads\/2026\/03\/Press-brake-machine-in-workshop-18x10.webp 18w\" sizes=\"(max-width: 1920px) 100vw, 1920px\" \/><\/div><\/a>\n\t\t\t\t<div class=\"elementor-post__text\">\n\t\t\t\t<h3 class=\"elementor-post__title\">\n\t\t\t<a href=\"https:\/\/camtinc.com\/de\/common-press-brake-buying-mistakes\/\">\n\t\t\t\tH\u00e4ufige Fehler beim Kauf einer Abkantpresse\t\t\t<\/a>\n\t\t<\/h3>\n\t\t\t\t<div class=\"elementor-post__excerpt\">\n\t\t\t<p>Common Press Brake Buying Mistakes Choosing the right press brake is one of the most critical decisions for any metal fabrication shop. A poor choice can lead to inconsistent bends, excessive scrap, frequent breakdowns, and thousands of dollars in hidden costs. In 2026, with higher material costs and demand for<\/p>\n\t\t<\/div>\n\t\t\n\t\t<a class=\"elementor-post__read-more\" href=\"https:\/\/camtinc.com\/de\/common-press-brake-buying-mistakes\/\" aria-label=\"Read more about Common Press Brake Buying Mistakes\" tabindex=\"-1\">\n\t\t\tRead More \u00bb\t\t<\/a>\n\n\t\t\t\t<\/div>\n\t\t\t\t\t<\/div>\n\t\t<\/article>\n\t\t\t\t<article class=\"elementor-post elementor-grid-item post-4960 post type-post status-publish format-standard has-post-thumbnail hentry category-camt-blog tag-blog\" role=\"listitem\">\n\t\t\t<div class=\"elementor-post__card\">\n\t\t\t\t<a class=\"elementor-post__thumbnail__link\" href=\"https:\/\/camtinc.com\/de\/how-to-choose-the-right-press-brake-for-youe-workshop\/\" tabindex=\"-1\"><div class=\"elementor-post__thumbnail\"><img loading=\"lazy\" decoding=\"async\" width=\"1920\" height=\"1080\" src=\"https:\/\/camtinc.com\/wp-content\/uploads\/2026\/03\/Press-Brake-Bending-Solution.webp\" class=\"attachment-full size-full wp-image-4939\" alt=\"press brake bending solution\" srcset=\"https:\/\/camtinc.com\/wp-content\/uploads\/2026\/03\/Press-Brake-Bending-Solution.webp 1920w, https:\/\/camtinc.com\/wp-content\/uploads\/2026\/03\/Press-Brake-Bending-Solution-300x169.webp 300w, https:\/\/camtinc.com\/wp-content\/uploads\/2026\/03\/Press-Brake-Bending-Solution-1024x576.webp 1024w, https:\/\/camtinc.com\/wp-content\/uploads\/2026\/03\/Press-Brake-Bending-Solution-768x432.webp 768w, https:\/\/camtinc.com\/wp-content\/uploads\/2026\/03\/Press-Brake-Bending-Solution-1536x864.webp 1536w, https:\/\/camtinc.com\/wp-content\/uploads\/2026\/03\/Press-Brake-Bending-Solution-18x10.webp 18w\" sizes=\"(max-width: 1920px) 100vw, 1920px\" \/><\/div><\/a>\n\t\t\t\t<div class=\"elementor-post__text\">\n\t\t\t\t<h3 class=\"elementor-post__title\">\n\t\t\t<a href=\"https:\/\/camtinc.com\/de\/how-to-choose-the-right-press-brake-for-youe-workshop\/\">\n\t\t\t\tWie w\u00e4hlt man die richtige Abkantpresse f\u00fcr seine Werkstatt?\t\t\t<\/a>\n\t\t<\/h3>\n\t\t\t\t<div class=\"elementor-post__excerpt\">\n\t\t\t<p>Wie man die richtige Abkantpresse f\u00fcr Ihre Werkstatt w\u00e4hlt Die Wahl der richtigen Abkantpresse ist eine der wichtigsten Entscheidungen f\u00fcr jede Metallverarbeitungswerkstatt. Sie beeinflusst direkt die t\u00e4gliche Produktivit\u00e4t, die Teilequalit\u00e4t, die Bedienersicherheit und die langfristige Rentabilit\u00e4t. Im Jahr 2026 hat die Branche gro\u00dfe Fortschritte bei servo-elektrischen und<\/p>\n\t\t<\/div>\n\t\t\n\t\t<a class=\"elementor-post__read-more\" href=\"https:\/\/camtinc.com\/de\/how-to-choose-the-right-press-brake-for-youe-workshop\/\" aria-label=\"Read more about How to Choose the Right Press Brake for Your Workshop\" tabindex=\"-1\">\n\t\t\tRead More \u00bb\t\t<\/a>\n\n\t\t\t\t<\/div>\n\t\t\t\t\t<\/div>\n\t\t<\/article>\n\t\t\t\t<article class=\"elementor-post elementor-grid-item post-4919 post type-post status-publish format-standard has-post-thumbnail hentry category-camt-blog tag-blog\" role=\"listitem\">\n\t\t\t<div class=\"elementor-post__card\">\n\t\t\t\t<a class=\"elementor-post__thumbnail__link\" href=\"https:\/\/camtinc.com\/de\/hydraulic-vs-electric-press-brake-key-differences-explained\/\" tabindex=\"-1\"><div class=\"elementor-post__thumbnail\"><img loading=\"lazy\" decoding=\"async\" width=\"1920\" height=\"1080\" src=\"https:\/\/camtinc.com\/wp-content\/uploads\/2026\/03\/Hydraulic-vs-Electric-Press-Brake-Key-Differences-Explained.webp\" class=\"attachment-full size-full wp-image-4716\" alt=\"hydraulic vs wlectric press brake-key differences explained\" srcset=\"https:\/\/camtinc.com\/wp-content\/uploads\/2026\/03\/Hydraulic-vs-Electric-Press-Brake-Key-Differences-Explained.webp 1920w, https:\/\/camtinc.com\/wp-content\/uploads\/2026\/03\/Hydraulic-vs-Electric-Press-Brake-Key-Differences-Explained-300x169.webp 300w, https:\/\/camtinc.com\/wp-content\/uploads\/2026\/03\/Hydraulic-vs-Electric-Press-Brake-Key-Differences-Explained-1024x576.webp 1024w, https:\/\/camtinc.com\/wp-content\/uploads\/2026\/03\/Hydraulic-vs-Electric-Press-Brake-Key-Differences-Explained-768x432.webp 768w, https:\/\/camtinc.com\/wp-content\/uploads\/2026\/03\/Hydraulic-vs-Electric-Press-Brake-Key-Differences-Explained-1536x864.webp 1536w, https:\/\/camtinc.com\/wp-content\/uploads\/2026\/03\/Hydraulic-vs-Electric-Press-Brake-Key-Differences-Explained-18x10.webp 18w\" sizes=\"(max-width: 1920px) 100vw, 1920px\" \/><\/div><\/a>\n\t\t\t\t<div class=\"elementor-post__text\">\n\t\t\t\t<h3 class=\"elementor-post__title\">\n\t\t\t<a href=\"https:\/\/camtinc.com\/de\/hydraulic-vs-electric-press-brake-key-differences-explained\/\">\n\t\t\t\tHydraulische vs. Elektrische Abkantpresse: Wesentliche Unterschiede erkl\u00e4rt\t\t\t<\/a>\n\t\t<\/h3>\n\t\t\t\t<div class=\"elementor-post__excerpt\">\n\t\t\t<p>Hydraulische vs. elektrische Abkantpresse: Die wichtigsten Unterschiede erkl\u00e4rt Beim Vergleich von hydraulischen und elektrischen Abkantpressen liegt der Hauptunterschied in ihren Energiequellen und Leistungsf\u00e4higkeiten. Hydraulische Abkantpressen liefern immense Kraft durch Fluiddruck, wodurch sie ideal f\u00fcr das Hochleistungsbiegen dicker Metalle in der Gro\u00dfserienproduktion sind. Elektrische Presse<\/p>\n\t\t<\/div>\n\t\t\n\t\t<a class=\"elementor-post__read-more\" href=\"https:\/\/camtinc.com\/de\/hydraulic-vs-electric-press-brake-key-differences-explained\/\" aria-label=\"Read more about Hydraulic vs Electric Press Brake: Key Differences Explained\" tabindex=\"-1\">\n\t\t\tRead More \u00bb\t\t<\/a>\n\n\t\t\t\t<\/div>\n\t\t\t\t\t<\/div>\n\t\t<\/article>\n\t\t\t\t<article class=\"elementor-post elementor-grid-item post-4899 post type-post status-publish format-standard has-post-thumbnail hentry category-camt-blog tag-blog\" role=\"listitem\">\n\t\t\t<div class=\"elementor-post__card\">\n\t\t\t\t<a class=\"elementor-post__thumbnail__link\" href=\"https:\/\/camtinc.com\/de\/why-needs-press-brake-crowning\/\" tabindex=\"-1\"><div class=\"elementor-post__thumbnail\"><img loading=\"lazy\" decoding=\"async\" width=\"1431\" height=\"805\" src=\"https:\/\/camtinc.com\/wp-content\/uploads\/2026\/03\/Press-brake-deflection-e1774282258902.webp\" class=\"attachment-full size-full wp-image-4848\" alt=\"press brake deflection\" srcset=\"https:\/\/camtinc.com\/wp-content\/uploads\/2026\/03\/Press-brake-deflection-e1774282258902.webp 1431w, https:\/\/camtinc.com\/wp-content\/uploads\/2026\/03\/Press-brake-deflection-e1774282258902-300x169.webp 300w, https:\/\/camtinc.com\/wp-content\/uploads\/2026\/03\/Press-brake-deflection-e1774282258902-1024x576.webp 1024w, https:\/\/camtinc.com\/wp-content\/uploads\/2026\/03\/Press-brake-deflection-e1774282258902-768x432.webp 768w, https:\/\/camtinc.com\/wp-content\/uploads\/2026\/03\/Press-brake-deflection-e1774282258902-18x10.webp 18w\" sizes=\"(max-width: 1431px) 100vw, 1431px\" \/><\/div><\/a>\n\t\t\t\t<div class=\"elementor-post__text\">\n\t\t\t\t<h3 class=\"elementor-post__title\">\n\t\t\t<a href=\"https:\/\/camtinc.com\/de\/why-needs-press-brake-crowning\/\">\n\t\t\t\tWarum Abkantpressen-Bombierung ben\u00f6tigt wird\t\t\t<\/a>\n\t\t<\/h3>\n\t\t\t\t<div class=\"elementor-post__excerpt\">\n\t\t\t<p>Warum ist eine Abkantpressen-Bombierung notwendig<\/p>\n\t\t<\/div>\n\t\t\n\t\t<a class=\"elementor-post__read-more\" href=\"https:\/\/camtinc.com\/de\/why-needs-press-brake-crowning\/\" aria-label=\"Read more about Why Needs Press Brake Crowning\" tabindex=\"-1\">\n\t\t\tRead More \u00bb\t\t<\/a>\n\n\t\t\t\t<\/div>\n\t\t\t\t\t<\/div>\n\t\t<\/article>\n\t\t\t\t<article class=\"elementor-post elementor-grid-item post-4593 post type-post status-publish format-standard has-post-thumbnail hentry category-camt-blog tag-blog\" role=\"listitem\">\n\t\t\t<div class=\"elementor-post__card\">\n\t\t\t\t<a class=\"elementor-post__thumbnail__link\" href=\"https:\/\/camtinc.com\/de\/100-ton-vs-160-ton-press-brake-which-one-do-you-need\/\" tabindex=\"-1\"><div class=\"elementor-post__thumbnail\"><img loading=\"lazy\" decoding=\"async\" width=\"1920\" height=\"1080\" src=\"https:\/\/camtinc.com\/wp-content\/uploads\/2026\/03\/CAMT-CNC-press-brake.webp\" class=\"attachment-full size-full wp-image-4599\" alt=\"Close-up of a CNC press brake\" srcset=\"https:\/\/camtinc.com\/wp-content\/uploads\/2026\/03\/CAMT-CNC-press-brake.webp 1920w, https:\/\/camtinc.com\/wp-content\/uploads\/2026\/03\/CAMT-CNC-press-brake-300x169.webp 300w, https:\/\/camtinc.com\/wp-content\/uploads\/2026\/03\/CAMT-CNC-press-brake-1024x576.webp 1024w, https:\/\/camtinc.com\/wp-content\/uploads\/2026\/03\/CAMT-CNC-press-brake-768x432.webp 768w, https:\/\/camtinc.com\/wp-content\/uploads\/2026\/03\/CAMT-CNC-press-brake-1536x864.webp 1536w, https:\/\/camtinc.com\/wp-content\/uploads\/2026\/03\/CAMT-CNC-press-brake-18x10.webp 18w\" sizes=\"(max-width: 1920px) 100vw, 1920px\" \/><\/div><\/a>\n\t\t\t\t<div class=\"elementor-post__text\">\n\t\t\t\t<h3 class=\"elementor-post__title\">\n\t\t\t<a href=\"https:\/\/camtinc.com\/de\/100-ton-vs-160-ton-press-brake-which-one-do-you-need\/\">\n\t\t\t\t100 Tonnen vs. 160 Tonnen Abkantpresse: Welche ben\u00f6tigen Sie\t\t\t<\/a>\n\t\t<\/h3>\n\t\t\t\t<div class=\"elementor-post__excerpt\">\n\t\t\t<p>Inhalt 100 Tonnen vs. 160 Tonnen Abkantpresse: Welche ben\u00f6tigen Sie? Einleitung Die Wahl der richtigen Abkantpressen-Tonnage ist eine der wichtigsten Investitionsentscheidungen, die ein Metallverarbeitungsbetrieb treffen wird. Eine Fehlentscheidung kann zu Maschinen\u00fcberlastung, schlechter Teilequalit\u00e4t, \u00fcberm\u00e4\u00dfigem Werkzeugverschlei\u00df oder kostspieligem Outsourcing f\u00fchren.<\/p>\n\t\t<\/div>\n\t\t\n\t\t<a class=\"elementor-post__read-more\" href=\"https:\/\/camtinc.com\/de\/100-ton-vs-160-ton-press-brake-which-one-do-you-need\/\" aria-label=\"Read more about 100 Ton vs 160 Ton Press Brake: Which One Do You Need\" tabindex=\"-1\">\n\t\t\tRead More \u00bb\t\t<\/a>\n\n\t\t\t\t<\/div>\n\t\t\t\t\t<\/div>\n\t\t<\/article>\n\t\t\t\t<article class=\"elementor-post elementor-grid-item post-4548 post type-post status-publish format-standard has-post-thumbnail hentry category-n8n-post category-camt-blog tag-blog\" role=\"listitem\">\n\t\t\t<div class=\"elementor-post__card\">\n\t\t\t\t<a class=\"elementor-post__thumbnail__link\" href=\"https:\/\/camtinc.com\/de\/how-does-press-brake-solve-the-uneven-bending-accuracy-for-long-plates\/\" tabindex=\"-1\"><div class=\"elementor-post__thumbnail\"><img loading=\"lazy\" decoding=\"async\" width=\"1920\" height=\"1080\" src=\"https:\/\/camtinc.com\/wp-content\/uploads\/2026\/03\/6m-press-brake-.webp\" class=\"attachment-full size-full wp-image-4561\" alt=\"6m press brake\" srcset=\"https:\/\/camtinc.com\/wp-content\/uploads\/2026\/03\/6m-press-brake-.webp 1920w, https:\/\/camtinc.com\/wp-content\/uploads\/2026\/03\/6m-press-brake--300x169.webp 300w, https:\/\/camtinc.com\/wp-content\/uploads\/2026\/03\/6m-press-brake--1024x576.webp 1024w, https:\/\/camtinc.com\/wp-content\/uploads\/2026\/03\/6m-press-brake--768x432.webp 768w, https:\/\/camtinc.com\/wp-content\/uploads\/2026\/03\/6m-press-brake--1536x864.webp 1536w, https:\/\/camtinc.com\/wp-content\/uploads\/2026\/03\/6m-press-brake--18x10.webp 18w\" sizes=\"(max-width: 1920px) 100vw, 1920px\" \/><\/div><\/a>\n\t\t\t\t<div class=\"elementor-post__text\">\n\t\t\t\t<h3 class=\"elementor-post__title\">\n\t\t\t<a href=\"https:\/\/camtinc.com\/de\/how-does-press-brake-solve-the-uneven-bending-accuracy-for-long-plates\/\">\n\t\t\t\tWie l\u00f6st die Abkantpresse das Problem der ungleichm\u00e4\u00dfigen Biegegenauigkeit bei langen Blechen?\t\t\t<\/a>\n\t\t<\/h3>\n\t\t\t\t<div class=\"elementor-post__excerpt\">\n\t\t\t<p>Wie l\u00f6st die Abkantpresse die ungleichm\u00e4\u00dfige Biegegenauigkeit bei langen Blechen?<\/p>\n\t\t<\/div>\n\t\t\n\t\t<a class=\"elementor-post__read-more\" href=\"https:\/\/camtinc.com\/de\/how-does-press-brake-solve-the-uneven-bending-accuracy-for-long-plates\/\" aria-label=\"Read more about How Does Press Brake Solve the Uneven Bending Accuracy for Long Plates?\" tabindex=\"-1\">\n\t\t\tRead More \u00bb\t\t<\/a>\n\n\t\t\t\t<\/div>\n\t\t\t\t\t<\/div>\n\t\t<\/article>\n\t\t\t\t<article class=\"elementor-post elementor-grid-item post-4472 post type-post status-publish format-standard has-post-thumbnail hentry category-camt-blog tag-blog\" role=\"listitem\">\n\t\t\t<div class=\"elementor-post__card\">\n\t\t\t\t<a class=\"elementor-post__thumbnail__link\" href=\"https:\/\/camtinc.com\/de\/what-is-a-cnc-press-brake-and-principle\/\" tabindex=\"-1\"><div class=\"elementor-post__thumbnail\"><img loading=\"lazy\" decoding=\"async\" width=\"1024\" height=\"576\" src=\"https:\/\/camtinc.com\/wp-content\/uploads\/2026\/03\/CNC-press-brake-banner.webp\" class=\"attachment-full size-full wp-image-4500\" alt=\"cnc press brake banner\" srcset=\"https:\/\/camtinc.com\/wp-content\/uploads\/2026\/03\/CNC-press-brake-banner.webp 1024w, https:\/\/camtinc.com\/wp-content\/uploads\/2026\/03\/CNC-press-brake-banner-300x169.webp 300w, https:\/\/camtinc.com\/wp-content\/uploads\/2026\/03\/CNC-press-brake-banner-768x432.webp 768w, https:\/\/camtinc.com\/wp-content\/uploads\/2026\/03\/CNC-press-brake-banner-18x10.webp 18w\" sizes=\"(max-width: 1024px) 100vw, 1024px\" \/><\/div><\/a>\n\t\t\t\t<div class=\"elementor-post__text\">\n\t\t\t\t<h3 class=\"elementor-post__title\">\n\t\t\t<a href=\"https:\/\/camtinc.com\/de\/what-is-a-cnc-press-brake-and-principle\/\">\n\t\t\t\tWas ist eine CNC-Abkantpresse und das Prinzip\t\t\t<\/a>\n\t\t<\/h3>\n\t\t\t\t<div class=\"elementor-post__excerpt\">\n\t\t\t<p>Inhaltsverzeichnis Was ist eine CNC-Abkantpresse und ihr Prinzip Einleitung Die moderne Fertigung st\u00fctzt sich auf intelligente Technologie, um perfekte Teile f\u00fcr verschiedene Industrien herzustellen. Eine CNC-Abkantpresse fungiert als das prim\u00e4re Kraftpaket f\u00fcr Hersteller, die jedes Mal exakte Ergebnisse ben\u00f6tigen. Sie verwendet digitale Steuerungen, um die aufgewendete Kraft zu regeln<\/p>\n\t\t<\/div>\n\t\t\n\t\t<a class=\"elementor-post__read-more\" href=\"https:\/\/camtinc.com\/de\/what-is-a-cnc-press-brake-and-principle\/\" aria-label=\"Read more about What Is A CNC Press Brake And Principle\" tabindex=\"-1\">\n\t\t\tRead More \u00bb\t\t<\/a>\n\n\t\t\t\t<\/div>\n\t\t\t\t\t<\/div>\n\t\t<\/article>\n\t\t\t\t<\/div>\n\t\t\n\t\t\t\t<div class=\"e-load-more-anchor\" data-page=\"1\" data-max-page=\"6\" data-next-page=\"https:\/\/camtinc.com\/de\/wp-json\/wp\/v2\/pages\/116\/page\/2\/\"><\/div>\n\t\t\t\t<nav class=\"elementor-pagination\" aria-label=\"Pagination\">\n\t\t\t<span class=\"page-numbers prev\">\u00ab Zur\u00fcck<\/span>\n<span aria-current=\"page\" class=\"page-numbers current\"><span class=\"elementor-screen-only\">Seite<\/span>1<\/span>\n<a class=\"page-numbers\" href=\"https:\/\/camtinc.com\/de\/wp-json\/wp\/v2\/pages\/116\/page\/2\/\"><span class=\"elementor-screen-only\">Seite<\/span>2<\/a>\n<a class=\"page-numbers\" href=\"https:\/\/camtinc.com\/de\/wp-json\/wp\/v2\/pages\/116\/page\/3\/\"><span class=\"elementor-screen-only\">Seite<\/span>3<\/a>\n<span class=\"page-numbers dots\">&hellip;<\/span>\n<a class=\"page-numbers\" href=\"https:\/\/camtinc.com\/de\/wp-json\/wp\/v2\/pages\/116\/page\/6\/\"><span class=\"elementor-screen-only\">Seite<\/span>6<\/a>\n<a class=\"page-numbers next\" href=\"https:\/\/camtinc.com\/de\/wp-json\/wp\/v2\/pages\/116\/page\/2\/\">Weiter \u00bb<\/a>\t\t<\/nav>\n\t\t\t\t\t\t<\/div>\n\t\t\t\t<\/div>\n\t\t\t\t\t<\/div>\n\t\t\t\t<\/div>\n\t\t\t\t<\/div>","protected":false},"excerpt":{"rendered":"<p>CAMT NEWS Stay updated \u2013 subscribe now!<\/p>","protected":false},"author":1,"featured_media":0,"parent":0,"menu_order":0,"comment_status":"closed","ping_status":"closed","template":"","meta":{"footnotes":""},"class_list":["post-116","page","type-page","status-publish","hentry"],"_links":{"self":[{"href":"https:\/\/camtinc.com\/de\/wp-json\/wp\/v2\/pages\/116","targetHints":{"allow":["GET"]}}],"collection":[{"href":"https:\/\/camtinc.com\/de\/wp-json\/wp\/v2\/pages"}],"about":[{"href":"https:\/\/camtinc.com\/de\/wp-json\/wp\/v2\/types\/page"}],"author":[{"embeddable":true,"href":"https:\/\/camtinc.com\/de\/wp-json\/wp\/v2\/users\/1"}],"replies":[{"embeddable":true,"href":"https:\/\/camtinc.com\/de\/wp-json\/wp\/v2\/comments?post=116"}],"version-history":[{"count":31,"href":"https:\/\/camtinc.com\/de\/wp-json\/wp\/v2\/pages\/116\/revisions"}],"predecessor-version":[{"id":3624,"href":"https:\/\/camtinc.com\/de\/wp-json\/wp\/v2\/pages\/116\/revisions\/3624"}],"wp:attachment":[{"href":"https:\/\/camtinc.com\/de\/wp-json\/wp\/v2\/media?parent=116"}],"curies":[{"name":"wp","href":"https:\/\/api.w.org\/{rel}","templated":true}]}}