{"id":383,"date":"2025-04-11T02:41:19","date_gmt":"2025-04-11T02:41:19","guid":{"rendered":"https:\/\/camtinc.com\/?page_id=383"},"modified":"2025-05-30T09:33:52","modified_gmt":"2025-05-30T09:33:52","slug":"bending-follower-supports","status":"publish","type":"page","link":"https:\/\/camtinc.com\/de\/bending-follower-supports\/","title":{"rendered":"Bending Follower Supports"},"content":{"rendered":"<div data-elementor-type=\"wp-page\" data-elementor-id=\"383\" class=\"elementor elementor-383\" data-elementor-post-type=\"page\">\n\t\t\t\t<div class=\"elementor-element elementor-element-969517b e-flex e-con-boxed e-con e-parent\" data-id=\"969517b\" data-element_type=\"container\" data-e-type=\"container\" data-settings=\"{&quot;background_background&quot;:&quot;classic&quot;,&quot;shape_divider_bottom&quot;:&quot;curve&quot;}\">\n\t\t\t\t\t<div class=\"e-con-inner\">\n\t\t\t\t<div class=\"elementor-shape elementor-shape-bottom\" aria-hidden=\"true\" data-negative=\"false\">\n\t\t\t<svg xmlns=\"http:\/\/www.w3.org\/2000\/svg\" viewbox=\"0 0 1000 100\" preserveaspectratio=\"none\">\n    <path class=\"elementor-shape-fill\" d=\"M1000,4.3V0H0v4.3C0.9,23.1,126.7,99.2,500,100S1000,22.7,1000,4.3z\"\/>\n<\/svg>\t\t<\/div>\n\t\t<div class=\"elementor-element elementor-element-b4bab9a e-con-full e-flex e-con e-child\" data-id=\"b4bab9a\" data-element_type=\"container\" data-e-type=\"container\">\n\t\t\t\t<div class=\"elementor-element elementor-element-01214c4 elementor-widget elementor-widget-heading\" data-id=\"01214c4\" data-element_type=\"widget\" data-e-type=\"widget\" data-widget_type=\"heading.default\">\n\t\t\t\t\t<p class=\"elementor-heading-title elementor-size-default\">Die effektivste Methode zur Handhabung gro\u00dfer Bleche beim Biegen <\/p>\t\t\t\t<\/div>\n\t\t\t\t<div class=\"elementor-element elementor-element-5cb4e5d elementor-widget elementor-widget-heading\" data-id=\"5cb4e5d\" data-element_type=\"widget\" data-e-type=\"widget\" data-widget_type=\"heading.default\">\n\t\t\t\t\t<h2 class=\"elementor-heading-title elementor-size-default\">Bending Follower Supports<\/h2>\t\t\t\t<\/div>\n\t\t\t\t<div class=\"elementor-element elementor-element-5896b00 elementor-widget elementor-widget-heading\" data-id=\"5896b00\" data-element_type=\"widget\" data-e-type=\"widget\" data-widget_type=\"heading.default\">\n\t\t\t\t\t<p class=\"elementor-heading-title elementor-size-default\">Der optimale Ansatz zur Handhabung gro\u00dfer Bleche beim Biegen beinhaltet den Einsatz der innovativen elektrischen Blechfolge-Heber von CAMT f\u00fcr Abkantpressen, die vollst\u00e4ndig CNC-gesteuert sind. Diese motorisierten Blechfolger, die \u00fcber eine dual interpolierte Achskonfiguration verf\u00fcgen, bieten dem Blech w\u00e4hrend des gesamten Biegevorgangs kontinuierliche Unterst\u00fctzung, minimieren Kratzer und Gegenbiegungen und optimieren gleichzeitig die Aufgaben des Bedieners.<\/p>\t\t\t\t<\/div>\n\t\t\t\t<div class=\"elementor-element elementor-element-dad2cbb elementor-widget elementor-widget-button\" data-id=\"dad2cbb\" data-element_type=\"widget\" data-e-type=\"widget\" data-widget_type=\"button.default\">\n\t\t\t\t\t\t\t\t\t\t<a class=\"elementor-button elementor-button-link elementor-size-sm\" href=\"#\">\n\t\t\t\t\t\t<span class=\"elementor-button-content-wrapper\">\n\t\t\t\t\t\t<span class=\"elementor-button-icon\">\n\t\t\t\t<svg aria-hidden=\"true\" class=\"e-font-icon-svg e-far-arrow-alt-circle-right\" viewbox=\"0 0 512 512\" xmlns=\"http:\/\/www.w3.org\/2000\/svg\"><path d=\"M504 256C504 119 393 8 256 8S8 119 8 256s111 248 248 248 248-111 248-248zm-448 0c0-110.5 89.5-200 200-200s200 89.5 200 200-89.5 200-200 200S56 366.5 56 256zm72 20v-40c0-6.6 5.4-12 12-12h116v-67c0-10.7 12.9-16 20.5-8.5l99 99c4.7 4.7 4.7 12.3 0 17l-99 99c-7.6 7.6-20.5 2.2-20.5-8.5v-67H140c-6.6 0-12-5.4-12-12z\"><\/path><\/svg>\t\t\t<\/span>\n\t\t\t\t\t\t\t\t\t<span class=\"elementor-button-text\">Read More<\/span>\n\t\t\t\t\t<\/span>\n\t\t\t\t\t<\/a>\n\t\t\t\t\t\t\t\t<\/div>\n\t\t\t\t<\/div>\n\t\t<div class=\"elementor-element elementor-element-9165e02 e-con-full e-flex e-con e-child\" data-id=\"9165e02\" data-element_type=\"container\" data-e-type=\"container\">\n\t\t\t\t<\/div>\n\t\t\t\t\t<\/div>\n\t\t\t\t<\/div>\n\t\t<div class=\"elementor-element elementor-element-f2b0227 e-flex e-con-boxed e-con e-parent\" data-id=\"f2b0227\" data-element_type=\"container\" data-e-type=\"container\">\n\t\t\t\t\t<div class=\"e-con-inner\">\n\t\t<div class=\"elementor-element elementor-element-357501c e-con-full e-flex e-con e-child\" data-id=\"357501c\" data-element_type=\"container\" data-e-type=\"container\" data-settings=\"{&quot;background_background&quot;:&quot;classic&quot;}\">\n\t\t<div class=\"elementor-element elementor-element-7df5af7 e-con-full e-flex e-con e-child\" data-id=\"7df5af7\" data-element_type=\"container\" data-e-type=\"container\">\n\t\t\t\t<div class=\"elementor-element elementor-element-c99e690 elementor-widget elementor-widget-heading\" data-id=\"c99e690\" data-element_type=\"widget\" data-e-type=\"widget\" data-widget_type=\"heading.default\">\n\t\t\t\t\t<h1 class=\"elementor-heading-title elementor-size-default\">Vorderes Blechfolge-Unterst\u00fctzungssystem<\/h1>\t\t\t\t<\/div>\n\t\t\t\t<div class=\"elementor-element elementor-element-460501e elementor-widget elementor-widget-text-editor\" data-id=\"460501e\" data-element_type=\"widget\" data-e-type=\"widget\" data-widget_type=\"text-editor.default\">\n\t\t\t\t\t\t\t\t\t<p>Die hydraulischen Abkantpressen mit Blechfolge-Unterst\u00fctzungssystem k\u00f6nnen zu verschiedenen gro\u00dfformatigen Maschinenmaterialien hinzugef\u00fcgt werden, was die Arbeitslast der Maschinenmaterial-Erkundungsarbeiter erheblich vereinfacht, die Biegeeffizienz verbessert und die Bedienung vereinfacht. Unabh\u00e4ngiges Serienmaschinen-Steuerungssystem, das in der Lage ist, Maschinenoperationen synchron mit dem Biegevorgang zu starten und eine 100%ige Synchronisation mit den Biegeschritten zu erreichen.<\/p>\t\t\t\t\t\t\t\t<\/div>\n\t\t\t\t<\/div>\n\t\t<div class=\"elementor-element elementor-element-6de33fc e-con-full e-flex e-con e-child\" data-id=\"6de33fc\" data-element_type=\"container\" data-e-type=\"container\">\n\t\t\t\t<div class=\"elementor-element elementor-element-e734ac4 elementor-widget elementor-widget-image\" data-id=\"e734ac4\" data-element_type=\"widget\" data-e-type=\"widget\" data-widget_type=\"image.default\">\n\t\t\t\t\t\t\t\t\t\t\t\t\t\t\t<img fetchpriority=\"high\" decoding=\"async\" width=\"800\" height=\"489\" src=\"https:\/\/camtinc.com\/wp-content\/uploads\/2025\/04\/SHEET-FOLLOWER-SUPPORTS-SYSTEM--1024x626.webp\" class=\"attachment-large size-large wp-image-387\" alt=\"Bending Follower Supports\" srcset=\"https:\/\/camtinc.com\/wp-content\/uploads\/2025\/04\/SHEET-FOLLOWER-SUPPORTS-SYSTEM--1024x626.webp 1024w, https:\/\/camtinc.com\/wp-content\/uploads\/2025\/04\/SHEET-FOLLOWER-SUPPORTS-SYSTEM--300x184.webp 300w, https:\/\/camtinc.com\/wp-content\/uploads\/2025\/04\/SHEET-FOLLOWER-SUPPORTS-SYSTEM--768x470.webp 768w, https:\/\/camtinc.com\/wp-content\/uploads\/2025\/04\/SHEET-FOLLOWER-SUPPORTS-SYSTEM-.webp 1069w\" sizes=\"(max-width: 800px) 100vw, 800px\" \/>\t\t\t\t\t\t\t\t\t\t\t\t\t\t\t<\/div>\n\t\t\t\t<\/div>\n\t\t\t\t<\/div>\n\t\t\t\t\t<\/div>\n\t\t\t\t<\/div>\n\t\t<div class=\"elementor-element elementor-element-8a0c28b e-flex e-con-boxed e-con e-parent\" data-id=\"8a0c28b\" data-element_type=\"container\" data-e-type=\"container\">\n\t\t\t\t\t<div class=\"e-con-inner\">\n\t\t<div class=\"elementor-element elementor-element-c495913 e-con-full e-flex e-con e-child\" data-id=\"c495913\" data-element_type=\"container\" data-e-type=\"container\" data-settings=\"{&quot;background_background&quot;:&quot;classic&quot;}\">\n\t\t<div class=\"elementor-element elementor-element-12b0b4b e-con-full e-flex e-con e-child\" data-id=\"12b0b4b\" data-element_type=\"container\" data-e-type=\"container\">\n\t\t\t\t<div class=\"elementor-element elementor-element-07d2a55 elementor-widget elementor-widget-text-editor\" data-id=\"07d2a55\" data-element_type=\"widget\" data-e-type=\"widget\" data-widget_type=\"text-editor.default\">\n\t\t\t\t\t\t\t\t\t<p>Unterst\u00fctzt das Blech automatisch, eliminiert manuelle Eingriffe und verhindert Durchh\u00e4ngen oder Fehlausrichtung w\u00e4hrend des Biegens. Es gew\u00e4hrleistet konsistente Biegewinkel, sch\u00fctzt die Materialoberfl\u00e4che vor Kratzern und ist besonders geeignet f\u00fcr lange Bleche, d\u00fcnne Platten und hochpr\u00e4zise Biegeprozesse, wodurch die Verarbeitungseffizienz und Qualit\u00e4tsstabilit\u00e4t erheblich verbessert werden.<\/p>\t\t\t\t\t\t\t\t<\/div>\n\t\t\t\t<\/div>\n\t\t<div class=\"elementor-element elementor-element-61fa379 e-con-full e-flex e-con e-child\" data-id=\"61fa379\" data-element_type=\"container\" data-e-type=\"container\">\n\t\t\t\t<div class=\"elementor-element elementor-element-4198651 elementor-widget elementor-widget-image\" data-id=\"4198651\" data-element_type=\"widget\" data-e-type=\"widget\" data-widget_type=\"image.default\">\n\t\t\t\t\t\t\t\t\t\t\t\t\t\t\t<img decoding=\"async\" width=\"800\" height=\"412\" src=\"https:\/\/camtinc.com\/wp-content\/uploads\/2025\/05\/cnc-bending-follower.webp\" class=\"attachment-large size-large wp-image-2496\" alt=\"cnc bending follower\" srcset=\"https:\/\/camtinc.com\/wp-content\/uploads\/2025\/05\/cnc-bending-follower.webp 800w, https:\/\/camtinc.com\/wp-content\/uploads\/2025\/05\/cnc-bending-follower-300x155.webp 300w, https:\/\/camtinc.com\/wp-content\/uploads\/2025\/05\/cnc-bending-follower-768x396.webp 768w\" sizes=\"(max-width: 800px) 100vw, 800px\" \/>\t\t\t\t\t\t\t\t\t\t\t\t\t\t\t<\/div>\n\t\t\t\t<\/div>\n\t\t\t\t<\/div>\n\t\t\t\t\t<\/div>\n\t\t\t\t<\/div>\n\t\t<div class=\"elementor-element elementor-element-ebc8bca e-flex e-con-boxed e-con e-parent\" data-id=\"ebc8bca\" data-element_type=\"container\" data-e-type=\"container\">\n\t\t\t\t\t<div class=\"e-con-inner\">\n\t\t<div class=\"elementor-element elementor-element-e3cad79 e-con-full e-flex e-con e-child\" data-id=\"e3cad79\" data-element_type=\"container\" data-e-type=\"container\" data-settings=\"{&quot;background_background&quot;:&quot;classic&quot;}\">\n\t\t<div class=\"elementor-element elementor-element-01f7941 e-con-full e-flex e-con e-child\" data-id=\"01f7941\" data-element_type=\"container\" data-e-type=\"container\">\n\t\t\t\t<div class=\"elementor-element elementor-element-e30fb15 elementor-widget elementor-widget-text-editor\" data-id=\"e30fb15\" data-element_type=\"widget\" data-e-type=\"widget\" data-widget_type=\"text-editor.default\">\n\t\t\t\t\t\t\t\t\t<p>Das vordere Blechfolge-Unterst\u00fctzungssystem einer Abkantpresse nutzt Servo- oder Hydrauliksteuerung, um den Unterst\u00fctzungsmechanismus mit der St\u00f6\u00dfelbewegung zu synchronisieren. Ausgestattet mit Sensoren passt es die Unterst\u00fctzungsh\u00f6he dynamisch in Echtzeit an, um den Kontakt mit dem Blech ohne Druck aufrechtzuerhalten und schwerkraftbedingtes Durchh\u00e4ngen oder Verformungen auszugleichen, um eine pr\u00e4zise Folgeunterst\u00fctzung w\u00e4hrend des Biegens zu gew\u00e4hrleisten.<\/p>\t\t\t\t\t\t\t\t<\/div>\n\t\t\t\t<\/div>\n\t\t<div class=\"elementor-element elementor-element-cbc29ae e-con-full e-flex e-con e-child\" data-id=\"cbc29ae\" data-element_type=\"container\" data-e-type=\"container\">\n\t\t\t\t<div class=\"elementor-element elementor-element-6687da7 elementor-widget elementor-widget-image\" data-id=\"6687da7\" data-element_type=\"widget\" data-e-type=\"widget\" data-widget_type=\"image.default\">\n\t\t\t\t\t\t\t\t\t\t\t\t\t\t\t<img decoding=\"async\" width=\"800\" height=\"450\" src=\"https:\/\/camtinc.com\/wp-content\/uploads\/2025\/04\/metal-bending-1024x576.webp\" class=\"attachment-large size-large wp-image-388\" alt=\"metal-bending\" srcset=\"https:\/\/camtinc.com\/wp-content\/uploads\/2025\/04\/metal-bending-1024x576.webp 1024w, https:\/\/camtinc.com\/wp-content\/uploads\/2025\/04\/metal-bending-300x169.webp 300w, https:\/\/camtinc.com\/wp-content\/uploads\/2025\/04\/metal-bending-768x432.webp 768w, https:\/\/camtinc.com\/wp-content\/uploads\/2025\/04\/metal-bending.webp 1094w\" sizes=\"(max-width: 800px) 100vw, 800px\" \/>\t\t\t\t\t\t\t\t\t\t\t\t\t\t\t<\/div>\n\t\t\t\t<\/div>\n\t\t\t\t<\/div>\n\t\t\t\t\t<\/div>\n\t\t\t\t<\/div>\n\t\t<div class=\"elementor-element elementor-element-ee32d52 e-flex e-con-boxed e-con e-parent\" data-id=\"ee32d52\" data-element_type=\"container\" data-e-type=\"container\">\n\t\t\t\t\t<div class=\"e-con-inner\">\n\t\t<div class=\"elementor-element elementor-element-1328969 e-con-full e-flex e-con e-child\" data-id=\"1328969\" data-element_type=\"container\" data-e-type=\"container\">\n\t\t\t\t<div class=\"elementor-element elementor-element-ada433c elementor-widget elementor-widget-heading\" data-id=\"ada433c\" data-element_type=\"widget\" data-e-type=\"widget\" data-widget_type=\"heading.default\">\n\t\t\t\t\t<p class=\"elementor-heading-title elementor-size-default\">Soft stop mode\n\n<\/p>\t\t\t\t<\/div>\n\t\t\t\t<div class=\"elementor-element elementor-element-32dd9bc elementor-icon-list--layout-traditional elementor-list-item-link-full_width elementor-widget elementor-widget-icon-list\" data-id=\"32dd9bc\" data-element_type=\"widget\" data-e-type=\"widget\" data-widget_type=\"icon-list.default\">\n\t\t\t\t\t\t\t<ul class=\"elementor-icon-list-items\">\n\t\t\t\t\t\t\t<li class=\"elementor-icon-list-item\">\n\t\t\t\t\t\t\t\t\t\t\t<span class=\"elementor-icon-list-icon\">\n\t\t\t\t\t\t\t<svg aria-hidden=\"true\" class=\"e-font-icon-svg e-fas-check-circle\" viewbox=\"0 0 512 512\" xmlns=\"http:\/\/www.w3.org\/2000\/svg\"><path d=\"M504 256c0 136.967-111.033 248-248 248S8 392.967 8 256 119.033 8 256 8s248 111.033 248 248zM227.314 387.314l184-184c6.248-6.248 6.248-16.379 0-22.627l-22.627-22.627c-6.248-6.249-16.379-6.249-22.628 0L216 308.118l-70.059-70.059c-6.248-6.248-16.379-6.248-22.628 0l-22.627 22.627c-6.248 6.248-6.248 16.379 0 22.627l104 104c6.249 6.249 16.379 6.249 22.628.001z\"><\/path><\/svg>\t\t\t\t\t\t<\/span>\n\t\t\t\t\t\t\t\t\t\t<span class=\"elementor-icon-list-text\"> Ausgestattet mit einer Parkposition, um Interferenzen mit dem Werkst\u00fcck beim Gegenbiegen zu vermeiden.<\/span>\n\t\t\t\t\t\t\t\t\t<\/li>\n\t\t\t\t\t\t\t\t<li class=\"elementor-icon-list-item\">\n\t\t\t\t\t\t\t\t\t\t\t<span class=\"elementor-icon-list-icon\">\n\t\t\t\t\t\t\t<svg aria-hidden=\"true\" class=\"e-font-icon-svg e-fas-check-circle\" viewbox=\"0 0 512 512\" xmlns=\"http:\/\/www.w3.org\/2000\/svg\"><path d=\"M504 256c0 136.967-111.033 248-248 248S8 392.967 8 256 119.033 8 256 8s248 111.033 248 248zM227.314 387.314l184-184c6.248-6.248 6.248-16.379 0-22.627l-22.627-22.627c-6.248-6.249-16.379-6.249-22.628 0L216 308.118l-70.059-70.059c-6.248-6.248-16.379-6.248-22.628 0l-22.627 22.627c-6.248 6.248-6.248 16.379 0 22.627l104 104c6.249 6.249 16.379 6.249 22.628.001z\"><\/path><\/svg>\t\t\t\t\t\t<\/span>\n\t\t\t\t\t\t\t\t\t\t<span class=\"elementor-icon-list-text\">Flexibel und einfach zu bedienen, mit schneller Installation und Demontage, wodurch es auf eine andere Maschine \u00fcbertragen und montiert werden kann.<\/span>\n\t\t\t\t\t\t\t\t\t<\/li>\n\t\t\t\t\t\t\t\t<li class=\"elementor-icon-list-item\">\n\t\t\t\t\t\t\t\t\t\t\t<span class=\"elementor-icon-list-icon\">\n\t\t\t\t\t\t\t<svg aria-hidden=\"true\" class=\"e-font-icon-svg e-fas-check-circle\" viewbox=\"0 0 512 512\" xmlns=\"http:\/\/www.w3.org\/2000\/svg\"><path d=\"M504 256c0 136.967-111.033 248-248 248S8 392.967 8 256 119.033 8 256 8s248 111.033 248 248zM227.314 387.314l184-184c6.248-6.248 6.248-16.379 0-22.627l-22.627-22.627c-6.248-6.249-16.379-6.249-22.628 0L216 308.118l-70.059-70.059c-6.248-6.248-16.379-6.248-22.628 0l-22.627 22.627c-6.248 6.248-6.248 16.379 0 22.627l104 104c6.249 6.249 16.379 6.249 22.628.001z\"><\/path><\/svg>\t\t\t\t\t\t<\/span>\n\t\t\t\t\t\t\t\t\t\t<span class=\"elementor-icon-list-text\">Ausgestattet mit einem B\u00fcrstentisch, um Kratzer, Verrutschen oder Herunterfallen des Blechs zu verhindern.<\/span>\n\t\t\t\t\t\t\t\t\t<\/li>\n\t\t\t\t\t\t<\/ul>\n\t\t\t\t\t\t<\/div>\n\t\t\t\t<\/div>\n\t\t<div class=\"elementor-element elementor-element-fd4dac2 e-con-full e-flex e-con e-child\" data-id=\"fd4dac2\" data-element_type=\"container\" data-e-type=\"container\">\n\t\t\t\t<div class=\"elementor-element elementor-element-400b9f0 elementor-icon-list--layout-traditional elementor-list-item-link-full_width elementor-widget elementor-widget-icon-list\" data-id=\"400b9f0\" data-element_type=\"widget\" data-e-type=\"widget\" data-widget_type=\"icon-list.default\">\n\t\t\t\t\t\t\t<ul class=\"elementor-icon-list-items\">\n\t\t\t\t\t\t\t<li class=\"elementor-icon-list-item\">\n\t\t\t\t\t\t\t\t\t\t\t<span class=\"elementor-icon-list-icon\">\n\t\t\t\t\t\t\t<svg aria-hidden=\"true\" class=\"e-font-icon-svg e-fas-check-circle\" viewbox=\"0 0 512 512\" xmlns=\"http:\/\/www.w3.org\/2000\/svg\"><path d=\"M504 256c0 136.967-111.033 248-248 248S8 392.967 8 256 119.033 8 256 8s248 111.033 248 248zM227.314 387.314l184-184c6.248-6.248 6.248-16.379 0-22.627l-22.627-22.627c-6.248-6.249-16.379-6.249-22.628 0L216 308.118l-70.059-70.059c-6.248-6.248-16.379-6.248-22.628 0l-22.627 22.627c-6.248 6.248-6.248 16.379 0 22.627l104 104c6.249 6.249 16.379 6.249 22.628.001z\"><\/path><\/svg>\t\t\t\t\t\t<\/span>\n\t\t\t\t\t\t\t\t\t\t<span class=\"elementor-icon-list-text\">Reduzierung der Arbeitslast des Bedieners bei der Handhabung schwerer Materialien, Verbesserung der Biegeeffizienz und Minimierung des Bedienerrisikos.<\/span>\n\t\t\t\t\t\t\t\t\t<\/li>\n\t\t\t\t\t\t\t\t<li class=\"elementor-icon-list-item\">\n\t\t\t\t\t\t\t\t\t\t\t<span class=\"elementor-icon-list-icon\">\n\t\t\t\t\t\t\t<svg aria-hidden=\"true\" class=\"e-font-icon-svg e-fas-check-circle\" viewbox=\"0 0 512 512\" xmlns=\"http:\/\/www.w3.org\/2000\/svg\"><path d=\"M504 256c0 136.967-111.033 248-248 248S8 392.967 8 256 119.033 8 256 8s248 111.033 248 248zM227.314 387.314l184-184c6.248-6.248 6.248-16.379 0-22.627l-22.627-22.627c-6.248-6.249-16.379-6.249-22.628 0L216 308.118l-70.059-70.059c-6.248-6.248-16.379-6.248-22.628 0l-22.627 22.627c-6.248 6.248-6.248 16.379 0 22.627l104 104c6.249 6.249 16.379 6.249 22.628.001z\"><\/path><\/svg>\t\t\t\t\t\t<\/span>\n\t\t\t\t\t\t\t\t\t\t<span class=\"elementor-icon-list-text\">Unabh\u00e4ngiges modulares Steuerungssystem gew\u00e4hrleistet eine perfekte 100%ige Synchronisation mit der Y-Achse w\u00e4hrend des Biegevorgangs.<\/span>\n\t\t\t\t\t\t\t\t\t<\/li>\n\t\t\t\t\t\t\t\t<li class=\"elementor-icon-list-item\">\n\t\t\t\t\t\t\t\t\t\t\t<span class=\"elementor-icon-list-icon\">\n\t\t\t\t\t\t\t<svg aria-hidden=\"true\" class=\"e-font-icon-svg e-fas-check-circle\" viewbox=\"0 0 512 512\" xmlns=\"http:\/\/www.w3.org\/2000\/svg\"><path d=\"M504 256c0 136.967-111.033 248-248 248S8 392.967 8 256 119.033 8 256 8s248 111.033 248 248zM227.314 387.314l184-184c6.248-6.248 6.248-16.379 0-22.627l-22.627-22.627c-6.248-6.249-16.379-6.249-22.628 0L216 308.118l-70.059-70.059c-6.248-6.248-16.379-6.248-22.628 0l-22.627 22.627c-6.248 6.248-6.248 16.379 0 22.627l104 104c6.249 6.249 16.379 6.249 22.628.001z\"><\/path><\/svg>\t\t\t\t\t\t<\/span>\n\t\t\t\t\t\t\t\t\t\t<span class=\"elementor-icon-list-text\">Passt die vertikale und horizontale Positionierung automatisch an die Matrizenh\u00f6he und die V-\u00d6ffnungsgr\u00f6\u00dfe an.<\/span>\n\t\t\t\t\t\t\t\t\t<\/li>\n\t\t\t\t\t\t<\/ul>\n\t\t\t\t\t\t<\/div>\n\t\t\t\t<\/div>\n\t\t\t\t\t<\/div>\n\t\t\t\t<\/div>\n\t\t<div class=\"elementor-element elementor-element-e2ab2de e-flex e-con-boxed e-con e-parent\" data-id=\"e2ab2de\" data-element_type=\"container\" data-e-type=\"container\" data-settings=\"{&quot;background_background&quot;:&quot;classic&quot;,&quot;shape_divider_bottom&quot;:&quot;curve&quot;,&quot;shape_divider_bottom_negative&quot;:&quot;yes&quot;}\">\n\t\t\t\t\t<div class=\"e-con-inner\">\n\t\t\t\t<div class=\"elementor-shape elementor-shape-bottom\" aria-hidden=\"true\" data-negative=\"true\">\n\t\t\t<svg xmlns=\"http:\/\/www.w3.org\/2000\/svg\" viewbox=\"0 0 1000 100\" preserveaspectratio=\"none\">\n\t<path class=\"elementor-shape-fill\" d=\"M500,97C126.7,96.3,0.8,19.8,0,0v100l1000,0V1C1000,19.4,873.3,97.8,500,97z\"\/>\n<\/svg>\t\t<\/div>\n\t\t\t\t<div class=\"elementor-element elementor-element-9c4fc88 elementor-widget elementor-widget-video\" data-id=\"9c4fc88\" data-element_type=\"widget\" data-e-type=\"widget\" data-settings=\"{&quot;youtube_url&quot;:&quot;https:\\\/\\\/www.youtube.com\\\/watch?v=XHOmBV4js_E&quot;,&quot;video_type&quot;:&quot;youtube&quot;,&quot;controls&quot;:&quot;yes&quot;}\" data-widget_type=\"video.default\">\n\t\t\t\t\t\t\t<div class=\"elementor-wrapper elementor-open-inline\">\n\t\t\t<div class=\"elementor-video\"><\/div>\t\t<\/div>\n\t\t\t\t\t\t<\/div>\n\t\t\t\t\t<\/div>\n\t\t\t\t<\/div>\n\t\t\t\t<\/div>","protected":false},"excerpt":{"rendered":"<p>The most effective method for handling large sheets during bending Bending Follower Supports The optimal approach for managing large sheets during bending involves using CAMT&#8217;s innovative press brake electric sheet metal follower lifters, fully controlled by CNC. These motorized sheet followers, featuring a dual interpolated axis configuration, provide continuous support to the sheet throughout the [&hellip;]<\/p>","protected":false},"author":1,"featured_media":0,"parent":0,"menu_order":0,"comment_status":"closed","ping_status":"closed","template":"","meta":{"footnotes":""},"class_list":["post-383","page","type-page","status-publish","hentry"],"_links":{"self":[{"href":"https:\/\/camtinc.com\/de\/wp-json\/wp\/v2\/pages\/383","targetHints":{"allow":["GET"]}}],"collection":[{"href":"https:\/\/camtinc.com\/de\/wp-json\/wp\/v2\/pages"}],"about":[{"href":"https:\/\/camtinc.com\/de\/wp-json\/wp\/v2\/types\/page"}],"author":[{"embeddable":true,"href":"https:\/\/camtinc.com\/de\/wp-json\/wp\/v2\/users\/1"}],"replies":[{"embeddable":true,"href":"https:\/\/camtinc.com\/de\/wp-json\/wp\/v2\/comments?post=383"}],"version-history":[{"count":16,"href":"https:\/\/camtinc.com\/de\/wp-json\/wp\/v2\/pages\/383\/revisions"}],"predecessor-version":[{"id":2809,"href":"https:\/\/camtinc.com\/de\/wp-json\/wp\/v2\/pages\/383\/revisions\/2809"}],"wp:attachment":[{"href":"https:\/\/camtinc.com\/de\/wp-json\/wp\/v2\/media?parent=383"}],"curies":[{"name":"wp","href":"https:\/\/api.w.org\/{rel}","templated":true}]}}