{"id":4200,"date":"2025-12-15T12:15:10","date_gmt":"2025-12-15T12:15:10","guid":{"rendered":"https:\/\/camtinc.com\/?page_id=4200"},"modified":"2026-03-14T12:29:03","modified_gmt":"2026-03-14T12:29:03","slug":"camt-popular-model-cnc-press-brake-with-techmation-taiwan-scs700","status":"publish","type":"page","link":"https:\/\/camtinc.com\/de\/camt-popular-model-cnc-press-brake-with-techmation-taiwan-scs700\/","title":{"rendered":"CAMT Popular Model CNC Press Brake with Techmation Taiwan SCS700"},"content":{"rendered":"<div data-elementor-type=\"wp-page\" data-elementor-id=\"4200\" class=\"elementor elementor-4200\" data-elementor-post-type=\"page\">\n\t\t\t\t<div class=\"elementor-element elementor-element-5e49c569 e-flex e-con-boxed e-con e-parent\" data-id=\"5e49c569\" data-element_type=\"container\" data-e-type=\"container\">\n\t\t\t\t\t<div class=\"e-con-inner\">\n\t\t<div class=\"elementor-element elementor-element-18a9efed e-con-full e-flex e-con e-child\" data-id=\"18a9efed\" data-element_type=\"container\" data-e-type=\"container\">\n\t\t\t\t<div class=\"elementor-element elementor-element-7d65acc2 elementor-skin-slideshow elementor-arrows-yes elementor-widget elementor-widget-media-carousel\" data-id=\"7d65acc2\" data-element_type=\"widget\" data-e-type=\"widget\" data-settings=\"{&quot;skin&quot;:&quot;slideshow&quot;,&quot;effect&quot;:&quot;slide&quot;,&quot;show_arrows&quot;:&quot;yes&quot;,&quot;speed&quot;:500,&quot;autoplay&quot;:&quot;yes&quot;,&quot;autoplay_speed&quot;:5000,&quot;loop&quot;:&quot;yes&quot;,&quot;pause_on_hover&quot;:&quot;yes&quot;,&quot;pause_on_interaction&quot;:&quot;yes&quot;,&quot;space_between&quot;:{&quot;unit&quot;:&quot;px&quot;,&quot;size&quot;:10,&quot;sizes&quot;:[]},&quot;space_between_tablet&quot;:{&quot;unit&quot;:&quot;px&quot;,&quot;size&quot;:10,&quot;sizes&quot;:[]},&quot;space_between_mobile&quot;:{&quot;unit&quot;:&quot;px&quot;,&quot;size&quot;:10,&quot;sizes&quot;:[]}}\" data-widget_type=\"media-carousel.default\">\n\t\t\t\t\t\t\t\t\t\t<div class=\"elementor-main-swiper swiper\" role=\"region\" aria-roledescription=\"carousel\" aria-label=\"Slides\">\n\t\t\t\t<div class=\"swiper-wrapper\">\n\t\t\t\t\t\t\t\t\t\t\t<div class=\"swiper-slide\" role=\"group\" aria-roledescription=\"slide\">\n\t\t\t\t\t\t\t\t\t<div class=\"elementor-carousel-image\" role=\"img\" aria-label=\"CAMT Popular Model CNC Press Brake with Techmation Taiwan SCS700\" style=\"background-image: url(&#039;https:\/\/camtinc.com\/wp-content\/uploads\/2025\/12\/PBC-110T3200-CNC-Press-Brake-with-TECHMATION-41-axis-HM.webp&#039;)\">\n\n\t\t\t\n\t\t\t\t\t<\/div>\n\t\t\t\t\t\t\t\t<\/div>\n\t\t\t\t\t\t\t\t\t\t\t<div class=\"swiper-slide\" role=\"group\" aria-roledescription=\"slide\">\n\t\t\t\t\t\t\t\t\t<div class=\"elementor-carousel-image\" role=\"img\" aria-label=\"Bosch-Rexroth Proportional Valve of CNC Press Brake-HM\" style=\"background-image: url(&#039;https:\/\/camtinc.com\/wp-content\/uploads\/2025\/12\/Boach-Rexroth-Proportional-Valve-of-CNC-Press-Brake-HM.webp&#039;)\">\n\n\t\t\t\n\t\t\t\t\t<\/div>\n\t\t\t\t\t\t\t\t<\/div>\n\t\t\t\t\t\t\t\t\t\t\t<div class=\"swiper-slide\" role=\"group\" aria-roledescription=\"slide\">\n\t\t\t\t\t\t\t\t\t<div class=\"elementor-carousel-image\" role=\"img\" aria-label=\"INOVANCE main servo motor for CNC press brake\" style=\"background-image: url(&#039;https:\/\/camtinc.com\/wp-content\/uploads\/2025\/12\/INOVANCE-main-servo-motor-for-CNC-press-brake.webp&#039;)\">\n\n\t\t\t\n\t\t\t\t\t<\/div>\n\t\t\t\t\t\t\t\t<\/div>\n\t\t\t\t\t\t\t\t\t\t\t<div class=\"swiper-slide\" role=\"group\" aria-roledescription=\"slide\">\n\t\t\t\t\t\t\t\t\t<div class=\"elementor-carousel-image\" role=\"img\" aria-label=\"cnc press brake electric system control panel of Taiwan Techmation-SCS700\" style=\"background-image: url(&#039;https:\/\/camtinc.com\/wp-content\/uploads\/2025\/12\/cnc-press-brake-electric-system-control-panel-of-Taiwan-Techmation-SCS700-1.webp&#039;)\">\n\n\t\t\t\n\t\t\t\t\t<\/div>\n\t\t\t\t\t\t\t\t<\/div>\n\t\t\t\t\t\t\t\t\t\t\t<div class=\"swiper-slide\" role=\"group\" aria-roledescription=\"slide\">\n\t\t\t\t\t\t\t\t\t<div class=\"elementor-carousel-image\" role=\"img\" aria-label=\"cnc-press-brake-back-side-overview\" style=\"background-image: url(&#039;https:\/\/camtinc.com\/wp-content\/uploads\/2025\/12\/cnc-press-brake-back-side-overview-1.webp&#039;)\">\n\n\t\t\t\n\t\t\t\t\t<\/div>\n\t\t\t\t\t\t\t\t<\/div>\n\t\t\t\t\t\t\t\t\t<\/div>\n\t\t\t\t\t\t\t\t\t\t\t\t\t\t\t<div class=\"elementor-swiper-button elementor-swiper-button-prev\" role=\"button\" tabindex=\"0\" aria-label=\"Previous\" data-no-translation-aria-label=\"\">\n\t\t\t\t\t\t\t<svg aria-hidden=\"true\" class=\"e-font-icon-svg e-eicon-chevron-left\" viewbox=\"0 0 1000 1000\" xmlns=\"http:\/\/www.w3.org\/2000\/svg\"><path d=\"M646 125C629 125 613 133 604 142L308 442C296 454 292 471 292 487 292 504 296 521 308 533L604 854C617 867 629 875 646 875 663 875 679 871 692 858 704 846 713 829 713 812 713 796 708 779 692 767L438 487 692 225C700 217 708 204 708 187 708 171 704 154 692 142 675 129 663 125 646 125Z\"><\/path><\/svg>\t\t\t\t\t\t<\/div>\n\t\t\t\t\t\t<div class=\"elementor-swiper-button elementor-swiper-button-next\" role=\"button\" tabindex=\"0\" aria-label=\"Next\" data-no-translation-aria-label=\"\">\n\t\t\t\t\t\t\t<svg aria-hidden=\"true\" class=\"e-font-icon-svg e-eicon-chevron-right\" viewbox=\"0 0 1000 1000\" xmlns=\"http:\/\/www.w3.org\/2000\/svg\"><path d=\"M696 533C708 521 713 504 713 487 713 471 708 454 696 446L400 146C388 133 375 125 354 125 338 125 325 129 313 142 300 154 292 171 292 187 292 204 296 221 308 233L563 492 304 771C292 783 288 800 288 817 288 833 296 850 308 863 321 871 338 875 354 875 371 875 388 867 400 854L696 533Z\"><\/path><\/svg>\t\t\t\t\t\t<\/div>\n\t\t\t\t\t\t\t\t\t\t\t\t\t\t\t\t\t<\/div>\n\t\t\t\t\t\t\t\t\t<div class=\"elementor-main-swiper swiper elementor-thumbnails-swiper swiper\" role=\"region region\" aria-roledescription=\"carousel carousel\" aria-label=\"Slides Slides\">\n\t\t\t\t<div class=\"swiper-wrapper\">\n\t\t\t\t\t\t\t\t\t\t\t<div class=\"swiper-slide\" role=\"group\" aria-roledescription=\"slide\">\n\t\t\t\t\t\t\t\t\t<div class=\"elementor-carousel-image\" role=\"img\" aria-label=\"CAMT Popular Model CNC Press Brake with Techmation Taiwan SCS700\" style=\"background-image: url(&#039;https:\/\/camtinc.com\/wp-content\/uploads\/2025\/12\/PBC-110T3200-CNC-Press-Brake-with-TECHMATION-41-axis-HM.webp&#039;)\">\n\n\t\t\t\n\t\t\t\t\t<\/div>\n\t\t\t\t\t\t\t\t<\/div>\n\t\t\t\t\t\t\t\t\t\t\t<div class=\"swiper-slide\" role=\"group\" aria-roledescription=\"slide\">\n\t\t\t\t\t\t\t\t\t<div class=\"elementor-carousel-image\" role=\"img\" aria-label=\"Bosch-Rexroth Proportional Valve of CNC Press Brake-HM\" style=\"background-image: url(&#039;https:\/\/camtinc.com\/wp-content\/uploads\/2025\/12\/Boach-Rexroth-Proportional-Valve-of-CNC-Press-Brake-HM.webp&#039;)\">\n\n\t\t\t\n\t\t\t\t\t<\/div>\n\t\t\t\t\t\t\t\t<\/div>\n\t\t\t\t\t\t\t\t\t\t\t<div class=\"swiper-slide\" role=\"group\" aria-roledescription=\"slide\">\n\t\t\t\t\t\t\t\t\t<div class=\"elementor-carousel-image\" role=\"img\" aria-label=\"INOVANCE main servo motor for CNC press brake\" style=\"background-image: url(&#039;https:\/\/camtinc.com\/wp-content\/uploads\/2025\/12\/INOVANCE-main-servo-motor-for-CNC-press-brake.webp&#039;)\">\n\n\t\t\t\n\t\t\t\t\t<\/div>\n\t\t\t\t\t\t\t\t<\/div>\n\t\t\t\t\t\t\t\t\t\t\t<div class=\"swiper-slide\" role=\"group\" aria-roledescription=\"slide\">\n\t\t\t\t\t\t\t\t\t<div class=\"elementor-carousel-image\" role=\"img\" aria-label=\"cnc press brake electric system control panel of Taiwan Techmation-SCS700\" style=\"background-image: url(&#039;https:\/\/camtinc.com\/wp-content\/uploads\/2025\/12\/cnc-press-brake-electric-system-control-panel-of-Taiwan-Techmation-SCS700-1.webp&#039;)\">\n\n\t\t\t\n\t\t\t\t\t<\/div>\n\t\t\t\t\t\t\t\t<\/div>\n\t\t\t\t\t\t\t\t\t\t\t<div class=\"swiper-slide\" role=\"group\" aria-roledescription=\"slide\">\n\t\t\t\t\t\t\t\t\t<div class=\"elementor-carousel-image\" role=\"img\" aria-label=\"cnc-press-brake-back-side-overview\" style=\"background-image: url(&#039;https:\/\/camtinc.com\/wp-content\/uploads\/2025\/12\/cnc-press-brake-back-side-overview-1.webp&#039;)\">\n\n\t\t\t\n\t\t\t\t\t<\/div>\n\t\t\t\t\t\t\t\t<\/div>\n\t\t\t\t\t\t\t\t\t<\/div>\n\t\t\t\t\t\t\t\t\t\t\t\t\t\t\t\t\t\t\t\t\t<\/div>\n\t\t\t\t\t\t\t\t<\/div>\n\t\t\t\t<\/div>\n\t\t<div class=\"elementor-element elementor-element-12b38ea1 e-con-full e-flex e-con e-child\" data-id=\"12b38ea1\" data-element_type=\"container\" data-e-type=\"container\">\n\t\t\t\t<div class=\"elementor-element elementor-element-423a8187 elementor-widget elementor-widget-heading\" data-id=\"423a8187\" data-element_type=\"widget\" data-e-type=\"widget\" data-widget_type=\"heading.default\">\n\t\t\t\t\t<h1 class=\"elementor-heading-title elementor-size-default\">CAMT Popular Model CNC Press Brake with Techmation Taiwan SCS700<\/h1>\t\t\t\t<\/div>\n\t\t\t\t<div class=\"elementor-element elementor-element-59ea841e elementor-widget elementor-widget-text-editor\" data-id=\"59ea841e\" data-element_type=\"widget\" data-e-type=\"widget\" data-widget_type=\"text-editor.default\">\n\t\t\t\t\t\t\t\t\t<p><strong>Verf\u00fcgbare Kapazit\u00e4ten:<\/strong><br \/>\u2013 Tonnage-Optionen: 110 Tonnen, 135 Tonnen und 160 Tonnen <br \/>\u2013 Biegel\u00e4ngen: Von 2,5 Metern bis zu 3,2 Metern<\/p><p>Fragen Sie noch heute nach Preisen f\u00fcr unsere fortschrittliche **Pro 4-Achsen CNC-Abkantpresse.<\/p><p><strong>Hauptvorteile:<\/strong><br \/>\u2013 Au\u00dfergew\u00f6hnliches Preis-Leistungs-Verh\u00e4ltnis <br \/>\u2013 Ausgestattet mit der hochmodernen, benutzerfreundlichen Taiwan Techmation SCS700 2D Multi-Touch CNC-Steuerung <br \/>\u2013 Liefert \u00fcberragende Teilegenauigkeit und Wiederholbarkeit f\u00fcr anspruchsvolle Anwendungen<\/p><p>Kontaktieren Sie uns f\u00fcr detaillierte Spezifikationen, Angebote und ma\u00dfgeschneiderte L\u00f6sungen, die auf Ihre Fertigungsanforderungen zugeschnitten sind.<\/p>\t\t\t\t\t\t\t\t<\/div>\n\t\t\t\t<div class=\"elementor-element elementor-element-43c3923a elementor-widget elementor-widget-button\" data-id=\"43c3923a\" data-element_type=\"widget\" data-e-type=\"widget\" data-widget_type=\"button.default\">\n\t\t\t\t\t\t\t\t\t\t<a class=\"elementor-button elementor-button-link elementor-size-sm\" href=\"#\">\n\t\t\t\t\t\t<span class=\"elementor-button-content-wrapper\">\n\t\t\t\t\t\t<span class=\"elementor-button-icon\">\n\t\t\t\t<svg aria-hidden=\"true\" class=\"e-font-icon-svg e-far-arrow-alt-circle-right\" viewbox=\"0 0 512 512\" xmlns=\"http:\/\/www.w3.org\/2000\/svg\"><path d=\"M504 256C504 119 393 8 256 8S8 119 8 256s111 248 248 248 248-111 248-248zm-448 0c0-110.5 89.5-200 200-200s200 89.5 200 200-89.5 200-200 200S56 366.5 56 256zm72 20v-40c0-6.6 5.4-12 12-12h116v-67c0-10.7 12.9-16 20.5-8.5l99 99c4.7 4.7 4.7 12.3 0 17l-99 99c-7.6 7.6-20.5 2.2-20.5-8.5v-67H140c-6.6 0-12-5.4-12-12z\"><\/path><\/svg>\t\t\t<\/span>\n\t\t\t\t\t\t\t\t\t<span class=\"elementor-button-text\">High toughness,High wear resistance<\/span>\n\t\t\t\t\t<\/span>\n\t\t\t\t\t<\/a>\n\t\t\t\t\t\t\t\t<\/div>\n\t\t\t\t<\/div>\n\t\t\t\t\t<\/div>\n\t\t\t\t<\/div>\n\t\t<div class=\"elementor-element elementor-element-7699044e e-flex e-con-boxed e-con e-parent\" data-id=\"7699044e\" data-element_type=\"container\" data-e-type=\"container\">\n\t\t\t\t\t<div class=\"e-con-inner\">\n\t\t\t\t<div class=\"elementor-element elementor-element-6412ab6c elementor-widget elementor-widget-heading\" data-id=\"6412ab6c\" data-element_type=\"widget\" data-e-type=\"widget\" data-widget_type=\"heading.default\">\n\t\t\t\t\t<h2 class=\"elementor-heading-title elementor-size-default\">Description<\/h2>\t\t\t\t<\/div>\n\t\t\t\t<div class=\"elementor-element elementor-element-5ddad4f9 elementor-widget elementor-widget-text-editor\" data-id=\"5ddad4f9\" data-element_type=\"widget\" data-e-type=\"widget\" data-widget_type=\"text-editor.default\">\n\t\t\t\t\t\t\t\t\t<p>Nichts macht mich gl\u00fccklicher, als einen Kunden von Ohr zu Ohr l\u00e4cheln zu sehen, nachdem er erfahren hat, wie pr\u00e4zise sein Umformprozess nun mit der Erg\u00e4nzung seiner ACCURL CNC-Abkantpresse sein wird. Herzlichen Gl\u00fcckwunsch an unser neuestes Familienmitglied, das sich in Nebraska befindet.<\/p><p>Ihre GeniusPro 4-Achsen-Abkantpresse ist f\u00fcr 160 Tonnen ausgelegt und mit einer CNC-programmierbaren DA58T-Steuerung, einem ECO-Energiesparantrieb, CNC-Bombierung, DSP-Lasersicherheit, segmentierten Ober-\/Unterwerkzeugen mit Schnellspannern und vielen anderen unglaublichen Funktionen ausgestattet, die bei unserem GeniusPro-Modell standardm\u00e4\u00dfig enthalten sind!<\/p><p>Sie k\u00f6nnen die heutige Arbeit nicht mit der Maschine von gestern erledigen. Kontaktieren Sie uns jetzt, um zu erfahren, wie Sie der Industrie voraus sein k\u00f6nnen<\/p>\t\t\t\t\t\t\t\t<\/div>\n\t\t\t\t<div class=\"elementor-element elementor-element-13f084ff elementor-widget elementor-widget-heading\" data-id=\"13f084ff\" data-element_type=\"widget\" data-e-type=\"widget\" data-widget_type=\"heading.default\">\n\t\t\t\t\t<p class=\"elementor-heading-title elementor-size-default\"><a href=\"https:\/\/camtinc.com\/wp-content\/uploads\/2025\/06\/CAMT-CNC-Press-Brake-Brochure.pdf\" target=\"_blank\">Klicken Sie hier, um die neueste CAMT-Brosch\u00fcre herunterzuladen<\/a><\/p>\t\t\t\t<\/div>\n\t\t\t\t<div class=\"elementor-element elementor-element-68493b1 elementor-widget elementor-widget-image\" data-id=\"68493b1\" data-element_type=\"widget\" data-e-type=\"widget\" data-widget_type=\"image.default\">\n\t\t\t\t\t\t\t\t\t\t\t\t\t\t\t<img fetchpriority=\"high\" decoding=\"async\" width=\"768\" height=\"1367\" src=\"https:\/\/camtinc.com\/wp-content\/uploads\/2025\/12\/CNC-Press-Brake-3-4-axis-with-Taiwan-SCS700-Popular-Model-768x1367.webp\" class=\"attachment-medium_large size-medium_large wp-image-4209\" alt=\"CNC Press Brake-3-4 axis with Taiwan SCS700 Popular Model\" srcset=\"https:\/\/camtinc.com\/wp-content\/uploads\/2025\/12\/CNC-Press-Brake-3-4-axis-with-Taiwan-SCS700-Popular-Model-768x1367.webp 768w, https:\/\/camtinc.com\/wp-content\/uploads\/2025\/12\/CNC-Press-Brake-3-4-axis-with-Taiwan-SCS700-Popular-Model-169x300.webp 169w, https:\/\/camtinc.com\/wp-content\/uploads\/2025\/12\/CNC-Press-Brake-3-4-axis-with-Taiwan-SCS700-Popular-Model-575x1024.webp 575w, https:\/\/camtinc.com\/wp-content\/uploads\/2025\/12\/CNC-Press-Brake-3-4-axis-with-Taiwan-SCS700-Popular-Model-863x1536.webp 863w, https:\/\/camtinc.com\/wp-content\/uploads\/2025\/12\/CNC-Press-Brake-3-4-axis-with-Taiwan-SCS700-Popular-Model.webp 1024w\" sizes=\"(max-width: 768px) 100vw, 768px\" \/>\t\t\t\t\t\t\t\t\t\t\t\t\t\t\t<\/div>\n\t\t\t\t<div class=\"elementor-element elementor-element-6a77b188 elementor-widget elementor-widget-heading\" data-id=\"6a77b188\" data-element_type=\"widget\" data-e-type=\"widget\" data-widget_type=\"heading.default\">\n\t\t\t\t\t<h3 class=\"elementor-heading-title elementor-size-default\"><strong>STANDARD AUSR\u00dcSTUNG<\/strong><\/h3>\t\t\t\t<\/div>\n\t\t\t\t<div class=\"elementor-element elementor-element-de0803 elementor-widget elementor-widget-text-editor\" data-id=\"de0803\" data-element_type=\"widget\" data-e-type=\"widget\" data-widget_type=\"text-editor.default\">\n\t\t\t\t\t\t\t\t\t<p><strong>Fortschrittliche CAMT 4+1 Achsen CNC-Abkantpresse \u2013 Technische Highlights<\/strong><\/p><p><strong>Steuerungssystem<\/strong><br \/>\u2013 Hochmoderne Taiwan Techmation SCS700 CNC-Steuerung mit intuitiver 2D-Grafikoberfl\u00e4che und Multi-Touch-Bedienung f\u00fcr verbesserte Programmiereffizienz und Bedienerkomfort.<\/p><p><strong>Pr\u00e4zise Achsensteuerung<\/strong><br \/>\u2013 Unabh\u00e4ngige Y1- und Y2-Achsen, angetrieben von hochpr\u00e4zisen Bosch-Rexroth Proportional-Hydraulikventilen, die eine \u00fcberragende Synchronisation und Biegegenauigkeit gew\u00e4hrleisten. <br \/>\u2013 Standard-Hinteranschlag: BGA-2 Konfiguration mit CNC-gesteuerter X-Achse (600 mm Verfahrweg) und R-Achse (200 mm Verfahrweg), plus manuellen Z1- und Z2-Achsen (motorisierte CNC Z1\/Z2 optional).<\/p><p><strong>Crowning System<\/strong><br \/>\u2013 Mehrdirektionale CNC-motorisierte Keilbombierung f\u00fcr automatische, pr\u00e4zise Kompensation \u00fcber die gesamte Biegel\u00e4nge, die eine gleichbleibende Winkelgenauigkeit auch bei unterschiedlichen Materialeigenschaften und L\u00e4ngen liefert.<\/p><p><strong>Hydraulik- und Antriebssystem<\/strong><br \/>\u2013 Erstklassiger integrierter Hydraulikkreislauf mit Ventilblock, Pumpe und Proportionalventilen von TOP-Marken. <br \/>\u2013 Hocheffizienter Hauptservomotor in einem kompakten All-in-One-Design. <br \/>\u2013 Hybrid Servo ECO Antriebstechnologie f\u00fcr erhebliche Energieeinsparungen und reduzierte Betriebskosten ohne Leistungseinbu\u00dfen.<\/p><p><strong>Sicherheit und Ergonomie<\/strong><br \/>\u2013 Vollst\u00e4ndige R\u00fcckwandverkleidung mit Sicherheitslichtschranken der Kategorie IV. <br \/>\u2013 Verschiebbare vordere Blechauflagen f\u00fcr verbesserte Materialhandhabung. <br \/>\u2013 Integrierte LED-Beleuchtung vorne und hinten f\u00fcr optimale Sichtbarkeit im Arbeitsbereich.<\/p><p>Diese Konfiguration kombiniert modernste Steuerungstechnologie, Pr\u00e4zisionstechnik und energieeffizienten Betrieb, um den Anforderungen der modernen Gro\u00dfserien-Blechbearbeitung gerecht zu werden. Kontaktieren Sie uns f\u00fcr vollst\u00e4ndige Spezifikationen und Anpassungsoptionen.<\/p>\t\t\t\t\t\t\t\t<\/div>\n\t\t\t\t<div class=\"elementor-element elementor-element-67980648 elementor-widget elementor-widget-heading\" data-id=\"67980648\" data-element_type=\"widget\" data-e-type=\"widget\" data-widget_type=\"heading.default\">\n\t\t\t\t\t<h3 class=\"elementor-heading-title elementor-size-default\">Technische Spezifikation<\/h3>\t\t\t\t<\/div>\n\t\t\t\t<div class=\"elementor-element elementor-element-28502f94 elementor-widget elementor-widget-text-editor\" data-id=\"28502f94\" data-element_type=\"widget\" data-e-type=\"widget\" data-widget_type=\"text-editor.default\">\n\t\t\t\t\t\t\t\t\t<ul><li>Modell\uff1aHM-110T\/3200-SCS700-4+1 Achse<\/li><li>Nennkraft: 1100KN<\/li><li>Workable Length: 3200mm<\/li><li>Colomn Distance: 2700mm<\/li><li>Throat Depth: 400mm<\/li><li>Cylinder Stroke: 200mm<\/li><li>Open Height: 490mm<\/li><li>Die Setting Height: 585mm<\/li><li>Mian Servo Motor: 12.4KW<\/li><li>Oil Tank: 350L<\/li><li>Fast Down Speed: 220mm\/s<\/li><li>Working Speed: 0-15mm\/s<\/li><li>Return Speed: 140mm\/s<\/li><li>Dimension: 3700*1780*2550mm<\/li><li>Weight: Around 8000KG\u00a0<\/li><\/ul>\t\t\t\t\t\t\t\t<\/div>\n\t\t\t\t<div class=\"elementor-element elementor-element-c26f650 elementor-widget elementor-widget-heading\" data-id=\"c26f650\" data-element_type=\"widget\" data-e-type=\"widget\" data-widget_type=\"heading.default\">\n\t\t\t\t\t<h3 class=\"elementor-heading-title elementor-size-default\">BGA Series BACK GAUGE FOR CNC PRESS BRAKE<\/h3>\t\t\t\t<\/div>\n\t\t\t\t<div class=\"elementor-element elementor-element-608da5e8 elementor-widget elementor-widget-text-editor\" data-id=\"608da5e8\" data-element_type=\"widget\" data-e-type=\"widget\" data-widget_type=\"text-editor.default\">\n\t\t\t\t\t\t\t\t\t<p>1. Linux operating system which is safe, efficient and stable.<\/p><p>2. Standard IEC61131-3 PLC program, external IO, AD and DA expansion.<\/p><p>3. High speed SA-bus communication and CAN communication bus, ensuring control accuracy.<\/p><p>4. Specialized motion control card used in Y-axis with two-axis synchronization, high synchronization accuracy, fast response, stable speed, positioning and repetition accuracy reaches 0.005mm.<\/p><p>5. Standard six axis (Y1, Y2, X1, R1, Z1, Z2) , which can be expanded according to the models.<\/p><p>6. Smart setting of parameters, guiding quick and accurate commissioning.<\/p><p>7. A 12\/15 inch industrial capacitive screen, which is more friendly and responsive.<\/p><p>8. Optional wattmeter, with digital communication and real-time energy consumption statistics.<\/p><p>9. Optional function of networking, Industry 4.0, remote diagnosis, remote monitoring and technical support.<\/p>\t\t\t\t\t\t\t\t<\/div>\n\t\t\t\t<div class=\"elementor-element elementor-element-a5a8015 elementor-widget elementor-widget-image\" data-id=\"a5a8015\" data-element_type=\"widget\" data-e-type=\"widget\" data-widget_type=\"image.default\">\n\t\t\t\t\t\t\t\t\t\t\t\t\t\t\t<img decoding=\"async\" width=\"768\" height=\"366\" src=\"https:\/\/camtinc.com\/wp-content\/uploads\/2025\/12\/Taiwan-Techmation-Electric-System-768x366.webp\" class=\"attachment-medium_large size-medium_large wp-image-4210\" alt=\"Taiwan Techmation Electric System\" srcset=\"https:\/\/camtinc.com\/wp-content\/uploads\/2025\/12\/Taiwan-Techmation-Electric-System-768x366.webp 768w, https:\/\/camtinc.com\/wp-content\/uploads\/2025\/12\/Taiwan-Techmation-Electric-System-300x143.webp 300w, https:\/\/camtinc.com\/wp-content\/uploads\/2025\/12\/Taiwan-Techmation-Electric-System-1024x488.webp 1024w, https:\/\/camtinc.com\/wp-content\/uploads\/2025\/12\/Taiwan-Techmation-Electric-System.webp 1250w\" sizes=\"(max-width: 768px) 100vw, 768px\" \/>\t\t\t\t\t\t\t\t\t\t\t\t\t\t\t<\/div>\n\t\t\t\t<div class=\"elementor-element elementor-element-1996375 elementor-widget elementor-widget-heading\" data-id=\"1996375\" data-element_type=\"widget\" data-e-type=\"widget\" data-widget_type=\"heading.default\">\n\t\t\t\t\t<h4 class=\"elementor-heading-title elementor-size-default\">FAQ<\/h4>\t\t\t\t<\/div>\n\t\t\t\t<div class=\"elementor-element elementor-element-5c37b471 elementor-widget elementor-widget-text-editor\" data-id=\"5c37b471\" data-element_type=\"widget\" data-e-type=\"widget\" data-widget_type=\"text-editor.default\">\n\t\t\t\t\t\t\t\t\t<p>\u00a0<\/p><p><strong>What is a CNC Press Brake?<\/strong><br \/>A CNC Press Brake is a sheet metal bending machine controlled by a computer numerical control (CNC) system. It primarily uses a hydraulic or servo system to drive the upper die (ram) downward, pressing the metal sheet into the lower die (V-groove) to form the desired angle and shape. It is widely used in the sheet metal fabrication industry, such as for electrical cabinets, elevators, kitchenware, and other metal forming applications.<\/p><p><strong>What is the working principle of a CNC Press Brake?<\/strong><br \/>The CNC Press Brake employs hydraulic transmission or servo motor drive to move the ram up and down. Combined with grating scales and the CNC system, it forms a closed-loop control to achieve precise control of ram depth, back gauge position, and bending angle. During operation, parameters such as sheet thickness, material type, and bending angle are inputted. The system automatically calculates the required pressure and stroke, ensuring high bending accuracy and consistency.<\/p><p><strong>How to select the lower die V-opening for a press brake?<\/strong><br \/>Generally, select a V-opening that is approximately 8 times the sheet thickness. For example, when bending a 4mm thick sheet, a V-opening of about 32mm is recommended. This helps prevent sheet cracking or inaccurate bending angles. For harder materials or thicker sheets, the opening width can be adjusted accordingly, and test bends should be performed.<\/p><p><strong>What to do if the bending angle on a CNC Press Brake is inaccurate?<\/strong><br \/>Common causes include material springback, die wear, changes in the bottom dead center, loose grating scales, or proportional valve deviation. Solutions: Check for deviation in the crowning cylinder or loose quick clamps; adjust the system\u2019s angle compensation function; replace worn dies or recalibrate the grating scales; for different materials, compensate for springback by over-bending (slightly bending beyond the target angle).<\/p><p><strong>What are the daily maintenance precautions for a CNC Press Brake?<\/strong><br \/>Regularly check the hydraulic oil quality and level, and replace filters; clean the guide rails and dies to prevent debris buildup; inspect grating scales and electrical connections for looseness; test the stroke before daily startup, ensuring sufficient clearance (at least sheet thickness) when the upper die descends; lower the ram to the bottom dead center when shutting down. Never perform maintenance while the machine is powered on, and strictly follow operating procedures to extend equipment lifespan.<\/p>\t\t\t\t\t\t\t\t<\/div>\n\t\t\t\t\t<\/div>\n\t\t\t\t<\/div>\n\t\t\t\t<\/div>","protected":false},"excerpt":{"rendered":"<p>CAMT Popular Model CNC Press Brake with Techmation Taiwan SCS700 Available Capacities:&#8211; Tonnage options: 110 tons, 135 tons, and 160 tons &#8211; Bending lengths: From 2.5 meters up to 3.2 meters Inquire today for pricing on our advanced **Pro 4-Axis CNC Press Brake. Key Advantages:&#8211; Exceptional price-to-performance ratio &#8211; Equipped with the state-of-the-art, user-friendly Taiwan [&hellip;]<\/p>","protected":false},"author":1,"featured_media":0,"parent":0,"menu_order":0,"comment_status":"closed","ping_status":"closed","template":"","meta":{"footnotes":""},"class_list":["post-4200","page","type-page","status-publish","hentry"],"_links":{"self":[{"href":"https:\/\/camtinc.com\/de\/wp-json\/wp\/v2\/pages\/4200","targetHints":{"allow":["GET"]}}],"collection":[{"href":"https:\/\/camtinc.com\/de\/wp-json\/wp\/v2\/pages"}],"about":[{"href":"https:\/\/camtinc.com\/de\/wp-json\/wp\/v2\/types\/page"}],"author":[{"embeddable":true,"href":"https:\/\/camtinc.com\/de\/wp-json\/wp\/v2\/users\/1"}],"replies":[{"embeddable":true,"href":"https:\/\/camtinc.com\/de\/wp-json\/wp\/v2\/comments?post=4200"}],"version-history":[{"count":6,"href":"https:\/\/camtinc.com\/de\/wp-json\/wp\/v2\/pages\/4200\/revisions"}],"predecessor-version":[{"id":4586,"href":"https:\/\/camtinc.com\/de\/wp-json\/wp\/v2\/pages\/4200\/revisions\/4586"}],"wp:attachment":[{"href":"https:\/\/camtinc.com\/de\/wp-json\/wp\/v2\/media?parent=4200"}],"curies":[{"name":"wp","href":"https:\/\/api.w.org\/{rel}","templated":true}]}}