{"id":5059,"date":"2026-04-03T05:25:31","date_gmt":"2026-04-03T05:25:31","guid":{"rendered":"https:\/\/camtinc.com\/?page_id=5059"},"modified":"2026-04-04T04:06:45","modified_gmt":"2026-04-04T04:06:45","slug":"thank-you","status":"publish","type":"page","link":"https:\/\/camtinc.com\/de\/thank-you\/","title":{"rendered":"Vielen Dank"},"content":{"rendered":"<div data-elementor-type=\"wp-page\" data-elementor-id=\"5059\" class=\"elementor elementor-5059\" data-elementor-post-type=\"page\">\n\t\t\t\t<div class=\"elementor-element elementor-element-cea79bb e-flex e-con-boxed e-con e-parent\" data-id=\"cea79bb\" data-element_type=\"container\" data-e-type=\"container\">\n\t\t\t\t\t<div class=\"e-con-inner\">\n\t\t\t\t<div class=\"elementor-element elementor-element-d24292c elementor-widget elementor-widget-heading\" data-id=\"d24292c\" data-element_type=\"widget\" data-e-type=\"widget\" data-widget_type=\"heading.default\">\n\t\t\t\t\t<h1 class=\"elementor-heading-title elementor-size-default\">Vielen Dank<\/h1>\t\t\t\t<\/div>\n\t\t\t\t<div class=\"elementor-element elementor-element-42e6882 elementor-widget elementor-widget-text-editor\" data-id=\"42e6882\" data-element_type=\"widget\" data-e-type=\"widget\" data-widget_type=\"text-editor.default\">\n\t\t\t\t\t\t\t\t\t<p>Ihre Anfrage wurde erfolgreich empfangen. Das CAMT-Team wird Sie innerhalb von 1 Werktag mit einer ma\u00dfgeschneiderten L\u00f6sung f\u00fcr Ihre Pr\u00e4zisionsblechbed\u00fcrfnisse kontaktieren.<\/p>\t\t\t\t\t\t\t\t<\/div>\n\t\t<div class=\"elementor-element elementor-element-0868bf3 e-grid e-con-full e-con e-child\" data-id=\"0868bf3\" data-element_type=\"container\" data-e-type=\"container\">\n\t\t\t\t<div class=\"elementor-element elementor-element-59fb219 elementor-align-right elementor-widget elementor-widget-button\" data-id=\"59fb219\" data-element_type=\"widget\" data-e-type=\"widget\" data-widget_type=\"button.default\">\n\t\t\t\t\t\t\t\t\t\t<a class=\"elementor-button elementor-button-link elementor-size-sm elementor-animation-grow\" href=\"https:\/\/camtinc.com\/de\/\">\n\t\t\t\t\t\t<span class=\"elementor-button-content-wrapper\">\n\t\t\t\t\t\t\t\t\t<span class=\"elementor-button-text\">Homepage besuchen<\/span>\n\t\t\t\t\t<\/span>\n\t\t\t\t\t<\/a>\n\t\t\t\t\t\t\t\t<\/div>\n\t\t\t\t<div class=\"elementor-element elementor-element-18a926f elementor-widget elementor-widget-button\" data-id=\"18a926f\" data-element_type=\"widget\" data-e-type=\"widget\" data-widget_type=\"button.default\">\n\t\t\t\t\t\t\t\t\t\t<a class=\"elementor-button elementor-button-link elementor-size-sm elementor-animation-grow\" href=\"https:\/\/camtinc.com\/de\/news\/\">\n\t\t\t\t\t\t<span class=\"elementor-button-content-wrapper\">\n\t\t\t\t\t\t\t\t\t<span class=\"elementor-button-text\">Mehr entdecken<\/span>\n\t\t\t\t\t<\/span>\n\t\t\t\t\t<\/a>\n\t\t\t\t\t\t\t\t<\/div>\n\t\t\t\t<\/div>\n\t\t\t\t\t<\/div>\n\t\t\t\t<\/div>\n\t\t\t\t<\/div>","protected":false},"excerpt":{"rendered":"<p>Thank You Your inquiry has been successfully received. The CAMT team will contact you within 1 business day with a tailored solution for your precision sheet metal needs. Visit Homepage Explore More<\/p>","protected":false},"author":1,"featured_media":0,"parent":0,"menu_order":0,"comment_status":"closed","ping_status":"closed","template":"","meta":{"footnotes":""},"class_list":["post-5059","page","type-page","status-publish","hentry"],"_links":{"self":[{"href":"https:\/\/camtinc.com\/de\/wp-json\/wp\/v2\/pages\/5059","targetHints":{"allow":["GET"]}}],"collection":[{"href":"https:\/\/camtinc.com\/de\/wp-json\/wp\/v2\/pages"}],"about":[{"href":"https:\/\/camtinc.com\/de\/wp-json\/wp\/v2\/types\/page"}],"author":[{"embeddable":true,"href":"https:\/\/camtinc.com\/de\/wp-json\/wp\/v2\/users\/1"}],"replies":[{"embeddable":true,"href":"https:\/\/camtinc.com\/de\/wp-json\/wp\/v2\/comments?post=5059"}],"version-history":[{"count":7,"href":"https:\/\/camtinc.com\/de\/wp-json\/wp\/v2\/pages\/5059\/revisions"}],"predecessor-version":[{"id":5139,"href":"https:\/\/camtinc.com\/de\/wp-json\/wp\/v2\/pages\/5059\/revisions\/5139"}],"wp:attachment":[{"href":"https:\/\/camtinc.com\/de\/wp-json\/wp\/v2\/media?parent=5059"}],"curies":[{"name":"wp","href":"https:\/\/api.w.org\/{rel}","templated":true}]}}