{"id":116,"date":"2025-04-09T06:17:25","date_gmt":"2025-04-09T06:17:25","guid":{"rendered":"https:\/\/camtinc.com\/?page_id=116"},"modified":"2025-08-16T15:35:36","modified_gmt":"2025-08-16T15:35:36","slug":"news","status":"publish","type":"page","link":"https:\/\/camtinc.com\/es\/news\/","title":{"rendered":"NEWS"},"content":{"rendered":"<div data-elementor-type=\"wp-page\" data-elementor-id=\"116\" class=\"elementor elementor-116\" data-elementor-post-type=\"page\">\n\t\t\t\t<div class=\"elementor-element elementor-element-5a2ea30 e-flex e-con-boxed e-con e-parent\" data-id=\"5a2ea30\" data-element_type=\"container\" data-e-type=\"container\" data-settings=\"{&quot;background_background&quot;:&quot;classic&quot;,&quot;shape_divider_bottom&quot;:&quot;curve&quot;}\">\n\t\t\t\t\t<div class=\"e-con-inner\">\n\t\t\t\t<div class=\"elementor-shape elementor-shape-bottom\" aria-hidden=\"true\" data-negative=\"false\">\n\t\t\t<svg xmlns=\"http:\/\/www.w3.org\/2000\/svg\" viewbox=\"0 0 1000 100\" preserveaspectratio=\"none\">\n    <path class=\"elementor-shape-fill\" d=\"M1000,4.3V0H0v4.3C0.9,23.1,126.7,99.2,500,100S1000,22.7,1000,4.3z\"\/>\n<\/svg>\t\t<\/div>\n\t\t<div class=\"elementor-element elementor-element-4c2154d e-con-full e-flex e-con e-child\" data-id=\"4c2154d\" data-element_type=\"container\" data-e-type=\"container\">\n\t\t\t\t<div class=\"elementor-element elementor-element-3720ba4 elementor-widget elementor-widget-heading\" data-id=\"3720ba4\" data-element_type=\"widget\" data-e-type=\"widget\" data-widget_type=\"heading.default\">\n\t\t\t\t\t<h2 class=\"elementor-heading-title elementor-size-default\">CAMT NEWS<\/h2>\t\t\t\t<\/div>\n\t\t\t\t<div class=\"elementor-element elementor-element-992d8dc elementor-widget elementor-widget-heading\" data-id=\"992d8dc\" data-element_type=\"widget\" data-e-type=\"widget\" data-widget_type=\"heading.default\">\n\t\t\t\t\t<p class=\"elementor-heading-title elementor-size-default\">Stay updated \u2013 subscribe now!<\/p>\t\t\t\t<\/div>\n\t\t\t\t<\/div>\n\t\t\t\t\t<\/div>\n\t\t\t\t<\/div>\n\t\t<div class=\"elementor-element elementor-element-dfb75d9 e-flex e-con-boxed e-con e-parent\" data-id=\"dfb75d9\" data-element_type=\"container\" data-e-type=\"container\">\n\t\t\t\t\t<div class=\"e-con-inner\">\n\t\t\t\t<div class=\"elementor-element elementor-element-44da422 elementor-grid-3 elementor-grid-tablet-2 elementor-grid-mobile-1 elementor-posts--thumbnail-top elementor-card-shadow-yes elementor-posts__hover-gradient elementor-widget elementor-widget-posts\" data-id=\"44da422\" data-element_type=\"widget\" data-e-type=\"widget\" data-settings=\"{&quot;pagination_type&quot;:&quot;numbers_and_prev_next&quot;,&quot;cards_columns&quot;:&quot;3&quot;,&quot;cards_columns_tablet&quot;:&quot;2&quot;,&quot;cards_columns_mobile&quot;:&quot;1&quot;,&quot;cards_row_gap&quot;:{&quot;unit&quot;:&quot;px&quot;,&quot;size&quot;:35,&quot;sizes&quot;:[]},&quot;cards_row_gap_tablet&quot;:{&quot;unit&quot;:&quot;px&quot;,&quot;size&quot;:&quot;&quot;,&quot;sizes&quot;:[]},&quot;cards_row_gap_mobile&quot;:{&quot;unit&quot;:&quot;px&quot;,&quot;size&quot;:&quot;&quot;,&quot;sizes&quot;:[]}}\" data-widget_type=\"posts.cards\">\n\t\t\t\t<div class=\"elementor-widget-container\">\n\t\t\t\t\t\t\t<div class=\"elementor-posts-container elementor-posts elementor-posts--skin-cards elementor-grid\" role=\"list\">\n\t\t\t\t<article class=\"elementor-post elementor-grid-item post-5118 post type-post status-publish format-standard has-post-thumbnail hentry category-camt-blog tag-blog\" role=\"listitem\">\n\t\t\t<div class=\"elementor-post__card\">\n\t\t\t\t<a class=\"elementor-post__thumbnail__link\" href=\"https:\/\/camtinc.com\/es\/what-afftects-the-press-brake-price\/\" tabindex=\"-1\"><div class=\"elementor-post__thumbnail\"><img fetchpriority=\"high\" decoding=\"async\" width=\"1920\" height=\"1080\" src=\"https:\/\/camtinc.com\/wp-content\/uploads\/2026\/04\/Press-brake-selection-guide.webp\" class=\"attachment-full size-full wp-image-5125\" alt=\"\" srcset=\"https:\/\/camtinc.com\/wp-content\/uploads\/2026\/04\/Press-brake-selection-guide.webp 1920w, https:\/\/camtinc.com\/wp-content\/uploads\/2026\/04\/Press-brake-selection-guide-300x169.webp 300w, https:\/\/camtinc.com\/wp-content\/uploads\/2026\/04\/Press-brake-selection-guide-1024x576.webp 1024w, https:\/\/camtinc.com\/wp-content\/uploads\/2026\/04\/Press-brake-selection-guide-768x432.webp 768w, https:\/\/camtinc.com\/wp-content\/uploads\/2026\/04\/Press-brake-selection-guide-1536x864.webp 1536w, https:\/\/camtinc.com\/wp-content\/uploads\/2026\/04\/Press-brake-selection-guide-18x10.webp 18w\" sizes=\"(max-width: 1920px) 100vw, 1920px\" \/><\/div><\/a>\n\t\t\t\t<div class=\"elementor-post__text\">\n\t\t\t\t<h3 class=\"elementor-post__title\">\n\t\t\t<a href=\"https:\/\/camtinc.com\/es\/what-afftects-the-press-brake-price\/\">\n\t\t\t\t\u00bfQu\u00e9 afecta el precio de la plegadora?\t\t\t<\/a>\n\t\t<\/h3>\n\t\t\t\t<div class=\"elementor-post__excerpt\">\n\t\t\t<p>\u00bfQu\u00e9 afecta el precio de la plegadora? Comprar una plegadora sigue siendo una de las decisiones de capital m\u00e1s importantes para los fabricantes de metal, talleres de trabajo y OEM. Con el mercado global de plegadoras proyectado para alcanzar aproximadamente US$800 millones en 2026 y crecer a una CAGR del 6.1% hasta 2033, los fabricantes se enfrentan a m\u00e1s opciones<\/p>\n\t\t<\/div>\n\t\t\n\t\t<a class=\"elementor-post__read-more\" href=\"https:\/\/camtinc.com\/es\/what-afftects-the-press-brake-price\/\" aria-label=\"Read more about What Affects the Press Brake Price\" tabindex=\"-1\">\n\t\t\tRead More \u00bb\t\t<\/a>\n\n\t\t\t\t<\/div>\n\t\t\t\t\t<\/div>\n\t\t<\/article>\n\t\t\t\t<article class=\"elementor-post elementor-grid-item post-5028 post type-post status-publish format-standard has-post-thumbnail hentry category-camt-blog tag-blog\" role=\"listitem\">\n\t\t\t<div class=\"elementor-post__card\">\n\t\t\t\t<a class=\"elementor-post__thumbnail__link\" href=\"https:\/\/camtinc.com\/es\/what-is-a-cnc-press-brake-price\/\" tabindex=\"-1\"><div class=\"elementor-post__thumbnail\"><img decoding=\"async\" width=\"1920\" height=\"1080\" src=\"https:\/\/camtinc.com\/wp-content\/uploads\/2026\/03\/cnc-press-brake-workshop.webp\" class=\"attachment-full size-full wp-image-5030\" alt=\"\" srcset=\"https:\/\/camtinc.com\/wp-content\/uploads\/2026\/03\/cnc-press-brake-workshop.webp 1920w, https:\/\/camtinc.com\/wp-content\/uploads\/2026\/03\/cnc-press-brake-workshop-300x169.webp 300w, https:\/\/camtinc.com\/wp-content\/uploads\/2026\/03\/cnc-press-brake-workshop-1024x576.webp 1024w, https:\/\/camtinc.com\/wp-content\/uploads\/2026\/03\/cnc-press-brake-workshop-768x432.webp 768w, https:\/\/camtinc.com\/wp-content\/uploads\/2026\/03\/cnc-press-brake-workshop-1536x864.webp 1536w, https:\/\/camtinc.com\/wp-content\/uploads\/2026\/03\/cnc-press-brake-workshop-18x10.webp 18w\" sizes=\"(max-width: 1920px) 100vw, 1920px\" \/><\/div><\/a>\n\t\t\t\t<div class=\"elementor-post__text\">\n\t\t\t\t<h3 class=\"elementor-post__title\">\n\t\t\t<a href=\"https:\/\/camtinc.com\/es\/what-is-a-cnc-press-brake-price\/\">\n\t\t\t\tWhat Is A CNC Press Brake Price\t\t\t<\/a>\n\t\t<\/h3>\n\t\t\t\t<div class=\"elementor-post__excerpt\">\n\t\t\t<p>\u00bfQu\u00e9 es el precio de una plegadora CNC?<\/p>\n\t\t<\/div>\n\t\t\n\t\t<a class=\"elementor-post__read-more\" href=\"https:\/\/camtinc.com\/es\/what-is-a-cnc-press-brake-price\/\" aria-label=\"Read more about What Is A CNC Press Brake Price\" tabindex=\"-1\">\n\t\t\tRead More \u00bb\t\t<\/a>\n\n\t\t\t\t<\/div>\n\t\t\t\t\t<\/div>\n\t\t<\/article>\n\t\t\t\t<article class=\"elementor-post elementor-grid-item post-4979 post type-post status-publish format-standard has-post-thumbnail hentry category-camt-blog tag-blog\" role=\"listitem\">\n\t\t\t<div class=\"elementor-post__card\">\n\t\t\t\t<a class=\"elementor-post__thumbnail__link\" href=\"https:\/\/camtinc.com\/es\/common-press-brake-buying-mistakes\/\" tabindex=\"-1\"><div class=\"elementor-post__thumbnail\"><img decoding=\"async\" width=\"1920\" height=\"1080\" src=\"https:\/\/camtinc.com\/wp-content\/uploads\/2026\/03\/Press-brake-machine-in-workshop.webp\" class=\"attachment-full size-full wp-image-4981\" alt=\"press brake buying mistakes\" srcset=\"https:\/\/camtinc.com\/wp-content\/uploads\/2026\/03\/Press-brake-machine-in-workshop.webp 1920w, https:\/\/camtinc.com\/wp-content\/uploads\/2026\/03\/Press-brake-machine-in-workshop-300x169.webp 300w, https:\/\/camtinc.com\/wp-content\/uploads\/2026\/03\/Press-brake-machine-in-workshop-1024x576.webp 1024w, https:\/\/camtinc.com\/wp-content\/uploads\/2026\/03\/Press-brake-machine-in-workshop-768x432.webp 768w, https:\/\/camtinc.com\/wp-content\/uploads\/2026\/03\/Press-brake-machine-in-workshop-1536x864.webp 1536w, https:\/\/camtinc.com\/wp-content\/uploads\/2026\/03\/Press-brake-machine-in-workshop-18x10.webp 18w\" sizes=\"(max-width: 1920px) 100vw, 1920px\" \/><\/div><\/a>\n\t\t\t\t<div class=\"elementor-post__text\">\n\t\t\t\t<h3 class=\"elementor-post__title\">\n\t\t\t<a href=\"https:\/\/camtinc.com\/es\/common-press-brake-buying-mistakes\/\">\n\t\t\t\tErrores Comunes al Comprar una Plegadora\t\t\t<\/a>\n\t\t<\/h3>\n\t\t\t\t<div class=\"elementor-post__excerpt\">\n\t\t\t<p>Errores Comunes al Comprar una Plegadora Elegir la plegadora adecuada es una de las decisiones m\u00e1s cr\u00edticas para cualquier taller de fabricaci\u00f3n de metal. Una mala elecci\u00f3n puede llevar a dobleces inconsistentes, exceso de chatarra, aver\u00edas frecuentes y miles de d\u00f3lares en costos ocultos. En 2026, con mayores costos de materiales y la demanda de<\/p>\n\t\t<\/div>\n\t\t\n\t\t<a class=\"elementor-post__read-more\" href=\"https:\/\/camtinc.com\/es\/common-press-brake-buying-mistakes\/\" aria-label=\"Read more about Common Press Brake Buying Mistakes\" tabindex=\"-1\">\n\t\t\tRead More \u00bb\t\t<\/a>\n\n\t\t\t\t<\/div>\n\t\t\t\t\t<\/div>\n\t\t<\/article>\n\t\t\t\t<article class=\"elementor-post elementor-grid-item post-4960 post type-post status-publish format-standard has-post-thumbnail hentry category-camt-blog tag-blog\" role=\"listitem\">\n\t\t\t<div class=\"elementor-post__card\">\n\t\t\t\t<a class=\"elementor-post__thumbnail__link\" href=\"https:\/\/camtinc.com\/es\/how-to-choose-the-right-press-brake-for-youe-workshop\/\" tabindex=\"-1\"><div class=\"elementor-post__thumbnail\"><img loading=\"lazy\" decoding=\"async\" width=\"1920\" height=\"1080\" src=\"https:\/\/camtinc.com\/wp-content\/uploads\/2026\/03\/Press-Brake-Bending-Solution.webp\" class=\"attachment-full size-full wp-image-4939\" alt=\"press brake bending solution\" srcset=\"https:\/\/camtinc.com\/wp-content\/uploads\/2026\/03\/Press-Brake-Bending-Solution.webp 1920w, https:\/\/camtinc.com\/wp-content\/uploads\/2026\/03\/Press-Brake-Bending-Solution-300x169.webp 300w, https:\/\/camtinc.com\/wp-content\/uploads\/2026\/03\/Press-Brake-Bending-Solution-1024x576.webp 1024w, https:\/\/camtinc.com\/wp-content\/uploads\/2026\/03\/Press-Brake-Bending-Solution-768x432.webp 768w, https:\/\/camtinc.com\/wp-content\/uploads\/2026\/03\/Press-Brake-Bending-Solution-1536x864.webp 1536w, https:\/\/camtinc.com\/wp-content\/uploads\/2026\/03\/Press-Brake-Bending-Solution-18x10.webp 18w\" sizes=\"(max-width: 1920px) 100vw, 1920px\" \/><\/div><\/a>\n\t\t\t\t<div class=\"elementor-post__text\">\n\t\t\t\t<h3 class=\"elementor-post__title\">\n\t\t\t<a href=\"https:\/\/camtinc.com\/es\/how-to-choose-the-right-press-brake-for-youe-workshop\/\">\n\t\t\t\tHow to Choose the Right Press Brake for Your Workshop\t\t\t<\/a>\n\t\t<\/h3>\n\t\t\t\t<div class=\"elementor-post__excerpt\">\n\t\t\t<p>C\u00f3mo Elegir la Plegadora Adecuada para Su Taller Elegir la plegadora adecuada es una de las decisiones m\u00e1s importantes para cualquier taller de fabricaci\u00f3n de metal. Afecta directamente la productividad diaria, la calidad de las piezas, la seguridad del operador y la rentabilidad a largo plazo. En 2026, la industria ha visto grandes avances en las plegadoras servoel\u00e9ctricas y<\/p>\n\t\t<\/div>\n\t\t\n\t\t<a class=\"elementor-post__read-more\" href=\"https:\/\/camtinc.com\/es\/how-to-choose-the-right-press-brake-for-youe-workshop\/\" aria-label=\"Read more about How to Choose the Right Press Brake for Your Workshop\" tabindex=\"-1\">\n\t\t\tRead More \u00bb\t\t<\/a>\n\n\t\t\t\t<\/div>\n\t\t\t\t\t<\/div>\n\t\t<\/article>\n\t\t\t\t<article class=\"elementor-post elementor-grid-item post-4919 post type-post status-publish format-standard has-post-thumbnail hentry category-camt-blog tag-blog\" role=\"listitem\">\n\t\t\t<div class=\"elementor-post__card\">\n\t\t\t\t<a class=\"elementor-post__thumbnail__link\" href=\"https:\/\/camtinc.com\/es\/hydraulic-vs-electric-press-brake-key-differences-explained\/\" tabindex=\"-1\"><div class=\"elementor-post__thumbnail\"><img loading=\"lazy\" decoding=\"async\" width=\"1920\" height=\"1080\" src=\"https:\/\/camtinc.com\/wp-content\/uploads\/2026\/03\/Hydraulic-vs-Electric-Press-Brake-Key-Differences-Explained.webp\" class=\"attachment-full size-full wp-image-4716\" alt=\"hydraulic vs wlectric press brake-key differences explained\" srcset=\"https:\/\/camtinc.com\/wp-content\/uploads\/2026\/03\/Hydraulic-vs-Electric-Press-Brake-Key-Differences-Explained.webp 1920w, https:\/\/camtinc.com\/wp-content\/uploads\/2026\/03\/Hydraulic-vs-Electric-Press-Brake-Key-Differences-Explained-300x169.webp 300w, https:\/\/camtinc.com\/wp-content\/uploads\/2026\/03\/Hydraulic-vs-Electric-Press-Brake-Key-Differences-Explained-1024x576.webp 1024w, https:\/\/camtinc.com\/wp-content\/uploads\/2026\/03\/Hydraulic-vs-Electric-Press-Brake-Key-Differences-Explained-768x432.webp 768w, https:\/\/camtinc.com\/wp-content\/uploads\/2026\/03\/Hydraulic-vs-Electric-Press-Brake-Key-Differences-Explained-1536x864.webp 1536w, https:\/\/camtinc.com\/wp-content\/uploads\/2026\/03\/Hydraulic-vs-Electric-Press-Brake-Key-Differences-Explained-18x10.webp 18w\" sizes=\"(max-width: 1920px) 100vw, 1920px\" \/><\/div><\/a>\n\t\t\t\t<div class=\"elementor-post__text\">\n\t\t\t\t<h3 class=\"elementor-post__title\">\n\t\t\t<a href=\"https:\/\/camtinc.com\/es\/hydraulic-vs-electric-press-brake-key-differences-explained\/\">\n\t\t\t\tPlegadora hidr\u00e1ulica vs el\u00e9ctrica: Diferencias clave explicadas\t\t\t<\/a>\n\t\t<\/h3>\n\t\t\t\t<div class=\"elementor-post__excerpt\">\n\t\t\t<p>Plegadora hidr\u00e1ulica vs el\u00e9ctrica: Diferencias clave explicadas Al comparar las m\u00e1quinas plegadoras hidr\u00e1ulicas vs el\u00e9ctricas, la distinci\u00f3n principal radica en sus fuentes de energ\u00eda y capacidades de rendimiento. Las plegadoras hidr\u00e1ulicas entregan una fuerza inmensa a trav\u00e9s de la presi\u00f3n de fluidos, lo que las hace ideales para el doblado de alta resistencia de metales gruesos en producci\u00f3n de alto volumen. Plegadora el\u00e9ctrica<\/p>\n\t\t<\/div>\n\t\t\n\t\t<a class=\"elementor-post__read-more\" href=\"https:\/\/camtinc.com\/es\/hydraulic-vs-electric-press-brake-key-differences-explained\/\" aria-label=\"Read more about Hydraulic vs Electric Press Brake: Key Differences Explained\" tabindex=\"-1\">\n\t\t\tRead More \u00bb\t\t<\/a>\n\n\t\t\t\t<\/div>\n\t\t\t\t\t<\/div>\n\t\t<\/article>\n\t\t\t\t<article class=\"elementor-post elementor-grid-item post-4899 post type-post status-publish format-standard has-post-thumbnail hentry category-camt-blog tag-blog\" role=\"listitem\">\n\t\t\t<div class=\"elementor-post__card\">\n\t\t\t\t<a class=\"elementor-post__thumbnail__link\" href=\"https:\/\/camtinc.com\/es\/why-needs-press-brake-crowning\/\" tabindex=\"-1\"><div class=\"elementor-post__thumbnail\"><img loading=\"lazy\" decoding=\"async\" width=\"1431\" height=\"805\" src=\"https:\/\/camtinc.com\/wp-content\/uploads\/2026\/03\/Press-brake-deflection-e1774282258902.webp\" class=\"attachment-full size-full wp-image-4848\" alt=\"press brake deflection\" srcset=\"https:\/\/camtinc.com\/wp-content\/uploads\/2026\/03\/Press-brake-deflection-e1774282258902.webp 1431w, https:\/\/camtinc.com\/wp-content\/uploads\/2026\/03\/Press-brake-deflection-e1774282258902-300x169.webp 300w, https:\/\/camtinc.com\/wp-content\/uploads\/2026\/03\/Press-brake-deflection-e1774282258902-1024x576.webp 1024w, https:\/\/camtinc.com\/wp-content\/uploads\/2026\/03\/Press-brake-deflection-e1774282258902-768x432.webp 768w, https:\/\/camtinc.com\/wp-content\/uploads\/2026\/03\/Press-brake-deflection-e1774282258902-18x10.webp 18w\" sizes=\"(max-width: 1431px) 100vw, 1431px\" \/><\/div><\/a>\n\t\t\t\t<div class=\"elementor-post__text\">\n\t\t\t\t<h3 class=\"elementor-post__title\">\n\t\t\t<a href=\"https:\/\/camtinc.com\/es\/why-needs-press-brake-crowning\/\">\n\t\t\t\tWhy Needs Press Brake Crowning\t\t\t<\/a>\n\t\t<\/h3>\n\t\t\t\t<div class=\"elementor-post__excerpt\">\n\t\t\t<p>\u00bfPor qu\u00e9 se necesita el coronado de la prensa plegadora? La deflexi\u00f3n del bastidor de la prensa plegadora sigue siendo una de las fuentes m\u00e1s persistentes de variaci\u00f3n de calidad en el plegado moderno de chapa met\u00e1lica. Incluso peque\u00f1as cantidades de comba central \u2014 t\u00edpicamente de 0,4 a 1,5 mm en m\u00e1quinas de 3 metros \u2014 pueden producir desviaciones angulares de \u00b10,8\u00b0 a \u00b12,2\u00b0, dependiendo de<\/p>\n\t\t<\/div>\n\t\t\n\t\t<a class=\"elementor-post__read-more\" href=\"https:\/\/camtinc.com\/es\/why-needs-press-brake-crowning\/\" aria-label=\"Read more about Why Needs Press Brake Crowning\" tabindex=\"-1\">\n\t\t\tRead More \u00bb\t\t<\/a>\n\n\t\t\t\t<\/div>\n\t\t\t\t\t<\/div>\n\t\t<\/article>\n\t\t\t\t<article class=\"elementor-post elementor-grid-item post-4593 post type-post status-publish format-standard has-post-thumbnail hentry category-camt-blog tag-blog\" role=\"listitem\">\n\t\t\t<div class=\"elementor-post__card\">\n\t\t\t\t<a class=\"elementor-post__thumbnail__link\" href=\"https:\/\/camtinc.com\/es\/100-ton-vs-160-ton-press-brake-which-one-do-you-need\/\" tabindex=\"-1\"><div class=\"elementor-post__thumbnail\"><img loading=\"lazy\" decoding=\"async\" width=\"1920\" height=\"1080\" src=\"https:\/\/camtinc.com\/wp-content\/uploads\/2026\/03\/CAMT-CNC-press-brake.webp\" class=\"attachment-full size-full wp-image-4599\" alt=\"Close-up of a CNC press brake\" srcset=\"https:\/\/camtinc.com\/wp-content\/uploads\/2026\/03\/CAMT-CNC-press-brake.webp 1920w, https:\/\/camtinc.com\/wp-content\/uploads\/2026\/03\/CAMT-CNC-press-brake-300x169.webp 300w, https:\/\/camtinc.com\/wp-content\/uploads\/2026\/03\/CAMT-CNC-press-brake-1024x576.webp 1024w, https:\/\/camtinc.com\/wp-content\/uploads\/2026\/03\/CAMT-CNC-press-brake-768x432.webp 768w, https:\/\/camtinc.com\/wp-content\/uploads\/2026\/03\/CAMT-CNC-press-brake-1536x864.webp 1536w, https:\/\/camtinc.com\/wp-content\/uploads\/2026\/03\/CAMT-CNC-press-brake-18x10.webp 18w\" sizes=\"(max-width: 1920px) 100vw, 1920px\" \/><\/div><\/a>\n\t\t\t\t<div class=\"elementor-post__text\">\n\t\t\t\t<h3 class=\"elementor-post__title\">\n\t\t\t<a href=\"https:\/\/camtinc.com\/es\/100-ton-vs-160-ton-press-brake-which-one-do-you-need\/\">\n\t\t\t\tPlegadora de 100 Toneladas vs 160 Toneladas: \u00bfCu\u00e1l Necesitas?\t\t\t<\/a>\n\t\t<\/h3>\n\t\t\t\t<div class=\"elementor-post__excerpt\">\n\t\t\t<p>Contents 100 Ton vs 160 Ton Press Brake: Which One Do You Need? Introduction Choosing the right press brake tonnage is one of the most important capital decisions a metal fabrication shop will make. A mismatch can lead to machine overload, poor part quality, excessive tooling wear, or costly outsourcing.<\/p>\n\t\t<\/div>\n\t\t\n\t\t<a class=\"elementor-post__read-more\" href=\"https:\/\/camtinc.com\/es\/100-ton-vs-160-ton-press-brake-which-one-do-you-need\/\" aria-label=\"Read more about 100 Ton vs 160 Ton Press Brake: Which One Do You Need\" tabindex=\"-1\">\n\t\t\tRead More \u00bb\t\t<\/a>\n\n\t\t\t\t<\/div>\n\t\t\t\t\t<\/div>\n\t\t<\/article>\n\t\t\t\t<article class=\"elementor-post elementor-grid-item post-4548 post type-post status-publish format-standard has-post-thumbnail hentry category-n8n-post category-camt-blog tag-blog\" role=\"listitem\">\n\t\t\t<div class=\"elementor-post__card\">\n\t\t\t\t<a class=\"elementor-post__thumbnail__link\" href=\"https:\/\/camtinc.com\/es\/how-does-press-brake-solve-the-uneven-bending-accuracy-for-long-plates\/\" tabindex=\"-1\"><div class=\"elementor-post__thumbnail\"><img loading=\"lazy\" decoding=\"async\" width=\"1920\" height=\"1080\" src=\"https:\/\/camtinc.com\/wp-content\/uploads\/2026\/03\/6m-press-brake-.webp\" class=\"attachment-full size-full wp-image-4561\" alt=\"6m press brake\" srcset=\"https:\/\/camtinc.com\/wp-content\/uploads\/2026\/03\/6m-press-brake-.webp 1920w, https:\/\/camtinc.com\/wp-content\/uploads\/2026\/03\/6m-press-brake--300x169.webp 300w, https:\/\/camtinc.com\/wp-content\/uploads\/2026\/03\/6m-press-brake--1024x576.webp 1024w, https:\/\/camtinc.com\/wp-content\/uploads\/2026\/03\/6m-press-brake--768x432.webp 768w, https:\/\/camtinc.com\/wp-content\/uploads\/2026\/03\/6m-press-brake--1536x864.webp 1536w, https:\/\/camtinc.com\/wp-content\/uploads\/2026\/03\/6m-press-brake--18x10.webp 18w\" sizes=\"(max-width: 1920px) 100vw, 1920px\" \/><\/div><\/a>\n\t\t\t\t<div class=\"elementor-post__text\">\n\t\t\t\t<h3 class=\"elementor-post__title\">\n\t\t\t<a href=\"https:\/\/camtinc.com\/es\/how-does-press-brake-solve-the-uneven-bending-accuracy-for-long-plates\/\">\n\t\t\t\t\u00bfC\u00f3mo resuelve la plegadora la precisi\u00f3n de plegado desigual para chapas largas?\t\t\t<\/a>\n\t\t<\/h3>\n\t\t\t\t<div class=\"elementor-post__excerpt\">\n\t\t\t<p>\u00bfC\u00f3mo Resuelve la Plegadora la Precisi\u00f3n de Plegado Irregular en Placas Largas? Introducci\u00f3n: Lograr una Precisi\u00f3n de Plegado Uniforme en Piezas de Trabajo Extendidas Las plegadoras abordan la precisi\u00f3n de plegado irregular en placas largas \u2014tambi\u00e9n conocida como deflexi\u00f3n de piezas de trabajo largas o inconsistencia del \u00e1ngulo de la chapa extendida\u2014 mediante sistemas de coronaci\u00f3n avanzados, compensaci\u00f3n CNC precisa y herramientas optimizadas. Estas tecnolog\u00edas<\/p>\n\t\t<\/div>\n\t\t\n\t\t<a class=\"elementor-post__read-more\" href=\"https:\/\/camtinc.com\/es\/how-does-press-brake-solve-the-uneven-bending-accuracy-for-long-plates\/\" aria-label=\"Read more about How Does Press Brake Solve the Uneven Bending Accuracy for Long Plates?\" tabindex=\"-1\">\n\t\t\tRead More \u00bb\t\t<\/a>\n\n\t\t\t\t<\/div>\n\t\t\t\t\t<\/div>\n\t\t<\/article>\n\t\t\t\t<article class=\"elementor-post elementor-grid-item post-4472 post type-post status-publish format-standard has-post-thumbnail hentry category-camt-blog tag-blog\" role=\"listitem\">\n\t\t\t<div class=\"elementor-post__card\">\n\t\t\t\t<a class=\"elementor-post__thumbnail__link\" href=\"https:\/\/camtinc.com\/es\/what-is-a-cnc-press-brake-and-principle\/\" tabindex=\"-1\"><div class=\"elementor-post__thumbnail\"><img loading=\"lazy\" decoding=\"async\" width=\"1024\" height=\"576\" src=\"https:\/\/camtinc.com\/wp-content\/uploads\/2026\/03\/CNC-press-brake-banner.webp\" class=\"attachment-full size-full wp-image-4500\" alt=\"cnc press brake banner\" srcset=\"https:\/\/camtinc.com\/wp-content\/uploads\/2026\/03\/CNC-press-brake-banner.webp 1024w, https:\/\/camtinc.com\/wp-content\/uploads\/2026\/03\/CNC-press-brake-banner-300x169.webp 300w, https:\/\/camtinc.com\/wp-content\/uploads\/2026\/03\/CNC-press-brake-banner-768x432.webp 768w, https:\/\/camtinc.com\/wp-content\/uploads\/2026\/03\/CNC-press-brake-banner-18x10.webp 18w\" sizes=\"(max-width: 1024px) 100vw, 1024px\" \/><\/div><\/a>\n\t\t\t\t<div class=\"elementor-post__text\">\n\t\t\t\t<h3 class=\"elementor-post__title\">\n\t\t\t<a href=\"https:\/\/camtinc.com\/es\/what-is-a-cnc-press-brake-and-principle\/\">\n\t\t\t\t\u00bfQu\u00e9 es una plegadora CNC y su principio?\t\t\t<\/a>\n\t\t<\/h3>\n\t\t\t\t<div class=\"elementor-post__excerpt\">\n\t\t\t<p>Contenido \u00bfQu\u00e9 es una plegadora CNC y su principio? Introducci\u00f3n La fabricaci\u00f3n moderna se basa en tecnolog\u00eda inteligente para crear piezas perfectas para diversas industrias. Una plegadora CNC act\u00faa como la principal potencia para los creadores que necesitan resultados exactos cada vez. Utiliza controles digitales para manejar cu\u00e1nta fuerza<\/p>\n\t\t<\/div>\n\t\t\n\t\t<a class=\"elementor-post__read-more\" href=\"https:\/\/camtinc.com\/es\/what-is-a-cnc-press-brake-and-principle\/\" aria-label=\"Read more about What Is A CNC Press Brake And Principle\" tabindex=\"-1\">\n\t\t\tRead More \u00bb\t\t<\/a>\n\n\t\t\t\t<\/div>\n\t\t\t\t\t<\/div>\n\t\t<\/article>\n\t\t\t\t<\/div>\n\t\t\n\t\t\t\t<div class=\"e-load-more-anchor\" data-page=\"1\" data-max-page=\"6\" data-next-page=\"https:\/\/camtinc.com\/es\/wp-json\/wp\/v2\/pages\/116\/page\/2\/\"><\/div>\n\t\t\t\t<nav class=\"elementor-pagination\" aria-label=\"Pagination\">\n\t\t\t<span class=\"page-numbers prev\">\u00ab Previous<\/span>\n<span aria-current=\"page\" class=\"page-numbers current\"><span class=\"elementor-screen-only\">Page<\/span>1<\/span>\n<a class=\"page-numbers\" href=\"https:\/\/camtinc.com\/es\/wp-json\/wp\/v2\/pages\/116\/page\/2\/\"><span class=\"elementor-screen-only\">Page<\/span>2<\/a>\n<a class=\"page-numbers\" href=\"https:\/\/camtinc.com\/es\/wp-json\/wp\/v2\/pages\/116\/page\/3\/\"><span class=\"elementor-screen-only\">Page<\/span>3<\/a>\n<span class=\"page-numbers dots\">&hellip;<\/span>\n<a class=\"page-numbers\" href=\"https:\/\/camtinc.com\/es\/wp-json\/wp\/v2\/pages\/116\/page\/6\/\"><span class=\"elementor-screen-only\">Page<\/span>6<\/a>\n<a class=\"page-numbers next\" href=\"https:\/\/camtinc.com\/es\/wp-json\/wp\/v2\/pages\/116\/page\/2\/\">Next \u00bb<\/a>\t\t<\/nav>\n\t\t\t\t\t\t<\/div>\n\t\t\t\t<\/div>\n\t\t\t\t\t<\/div>\n\t\t\t\t<\/div>\n\t\t\t\t<\/div>","protected":false},"excerpt":{"rendered":"<p>CAMT NEWS Stay updated \u2013 subscribe now!<\/p>","protected":false},"author":1,"featured_media":0,"parent":0,"menu_order":0,"comment_status":"closed","ping_status":"closed","template":"","meta":{"footnotes":""},"class_list":["post-116","page","type-page","status-publish","hentry"],"_links":{"self":[{"href":"https:\/\/camtinc.com\/es\/wp-json\/wp\/v2\/pages\/116","targetHints":{"allow":["GET"]}}],"collection":[{"href":"https:\/\/camtinc.com\/es\/wp-json\/wp\/v2\/pages"}],"about":[{"href":"https:\/\/camtinc.com\/es\/wp-json\/wp\/v2\/types\/page"}],"author":[{"embeddable":true,"href":"https:\/\/camtinc.com\/es\/wp-json\/wp\/v2\/users\/1"}],"replies":[{"embeddable":true,"href":"https:\/\/camtinc.com\/es\/wp-json\/wp\/v2\/comments?post=116"}],"version-history":[{"count":31,"href":"https:\/\/camtinc.com\/es\/wp-json\/wp\/v2\/pages\/116\/revisions"}],"predecessor-version":[{"id":3624,"href":"https:\/\/camtinc.com\/es\/wp-json\/wp\/v2\/pages\/116\/revisions\/3624"}],"wp:attachment":[{"href":"https:\/\/camtinc.com\/es\/wp-json\/wp\/v2\/media?parent=116"}],"curies":[{"name":"wp","href":"https:\/\/api.w.org\/{rel}","templated":true}]}}