{"id":89,"date":"2025-04-09T03:10:48","date_gmt":"2025-04-09T03:10:48","guid":{"rendered":"https:\/\/camtinc.com\/?page_id=89"},"modified":"2025-06-02T07:59:51","modified_gmt":"2025-06-02T07:59:51","slug":"production-advantages","status":"publish","type":"page","link":"https:\/\/camtinc.com\/es\/production-advantages\/","title":{"rendered":"Production Advantages"},"content":{"rendered":"<div data-elementor-type=\"wp-page\" data-elementor-id=\"89\" class=\"elementor elementor-89\" data-elementor-post-type=\"page\">\n\t\t\t\t<div class=\"elementor-element elementor-element-bc4841f e-flex e-con-boxed e-con e-parent\" data-id=\"bc4841f\" data-element_type=\"container\" data-e-type=\"container\" data-settings=\"{&quot;background_background&quot;:&quot;classic&quot;,&quot;shape_divider_bottom&quot;:&quot;curve&quot;}\">\n\t\t\t\t\t<div class=\"e-con-inner\">\n\t\t\t\t<div class=\"elementor-shape elementor-shape-bottom\" aria-hidden=\"true\" data-negative=\"false\">\n\t\t\t<svg xmlns=\"http:\/\/www.w3.org\/2000\/svg\" viewbox=\"0 0 1000 100\" preserveaspectratio=\"none\">\n    <path class=\"elementor-shape-fill\" d=\"M1000,4.3V0H0v4.3C0.9,23.1,126.7,99.2,500,100S1000,22.7,1000,4.3z\"\/>\n<\/svg>\t\t<\/div>\n\t\t<div class=\"elementor-element elementor-element-0e21e44 e-con-full e-flex e-con e-child\" data-id=\"0e21e44\" data-element_type=\"container\" data-e-type=\"container\">\n\t\t\t\t<div class=\"elementor-element elementor-element-62ae24e elementor-widget elementor-widget-heading\" data-id=\"62ae24e\" data-element_type=\"widget\" data-e-type=\"widget\" data-widget_type=\"heading.default\">\n\t\t\t\t\t<h1 class=\"elementor-heading-title elementor-size-default\">Production Advantages<\/h1>\t\t\t\t<\/div>\n\t\t\t\t<div class=\"elementor-element elementor-element-1347ff4 elementor-widget elementor-widget-heading\" data-id=\"1347ff4\" data-element_type=\"widget\" data-e-type=\"widget\" data-widget_type=\"heading.default\">\n\t\t\t\t\t<h2 class=\"elementor-heading-title elementor-size-default\">Mechanical Engineering Design<\/h2>\t\t\t\t<\/div>\n\t\t\t\t<\/div>\n\t\t\t\t\t<\/div>\n\t\t\t\t<\/div>\n\t\t<div class=\"elementor-element elementor-element-1146b50 e-flex e-con-boxed e-con e-parent\" data-id=\"1146b50\" data-element_type=\"container\" data-e-type=\"container\">\n\t\t\t\t\t<div class=\"e-con-inner\">\n\t\t<div class=\"elementor-element elementor-element-3725e52 e-con-full e-flex e-con e-child\" data-id=\"3725e52\" data-element_type=\"container\" data-e-type=\"container\" data-settings=\"{&quot;background_background&quot;:&quot;classic&quot;}\">\n\t\t<div class=\"elementor-element elementor-element-c69073c e-con-full e-flex e-con e-child\" data-id=\"c69073c\" data-element_type=\"container\" data-e-type=\"container\">\n\t\t\t\t<div class=\"elementor-element elementor-element-cae6be6 elementor-widget elementor-widget-image\" data-id=\"cae6be6\" data-element_type=\"widget\" data-e-type=\"widget\" data-widget_type=\"image.default\">\n\t\t\t\t\t\t\t\t\t\t\t\t\t\t\t<img fetchpriority=\"high\" decoding=\"async\" width=\"800\" height=\"400\" src=\"https:\/\/camtinc.com\/wp-content\/uploads\/2025\/04\/CAMT-Press-Brake-Structure.webp\" class=\"attachment-large size-large wp-image-1098\" alt=\"CAMT Press Brake Structure\" srcset=\"https:\/\/camtinc.com\/wp-content\/uploads\/2025\/04\/CAMT-Press-Brake-Structure.webp 842w, https:\/\/camtinc.com\/wp-content\/uploads\/2025\/04\/CAMT-Press-Brake-Structure-300x150.webp 300w, https:\/\/camtinc.com\/wp-content\/uploads\/2025\/04\/CAMT-Press-Brake-Structure-768x384.webp 768w\" sizes=\"(max-width: 800px) 100vw, 800px\" \/>\t\t\t\t\t\t\t\t\t\t\t\t\t\t\t<\/div>\n\t\t\t\t<\/div>\n\t\t<div class=\"elementor-element elementor-element-349f0b6 e-con-full e-flex e-con e-child\" data-id=\"349f0b6\" data-element_type=\"container\" data-e-type=\"container\">\n\t\t\t\t<div class=\"elementor-element elementor-element-0a3cc4d elementor-widget elementor-widget-heading\" data-id=\"0a3cc4d\" data-element_type=\"widget\" data-e-type=\"widget\" data-widget_type=\"heading.default\">\n\t\t\t\t\t<h2 class=\"elementor-heading-title elementor-size-default\">CAMT has strong in-house R&amp;D capabilities and extensive experience in designing high-precision components using SOLIDWORKS 3D CAD modeling. Our engineers employ first-principles calculations to optimize the structural design of CNC press brakes and laser cutting machines.<\/h2>\t\t\t\t<\/div>\n\t\t\t\t<div class=\"elementor-element elementor-element-6de987a elementor-widget elementor-widget-text-editor\" data-id=\"6de987a\" data-element_type=\"widget\" data-e-type=\"widget\" data-widget_type=\"text-editor.default\">\n\t\t\t\t\t\t\t\t\t<p>All independently developed designs and technical drawings incorporate advanced ergonomic principles to maximize operator comfort and work efficiency.<\/p><p>The application of computer-aided engineering (CAE) for heavy industrial equipment represents an innovative technological approach, positioning traditional manufacturers at the forefront of Industry 4.0 implementation.<\/p><p>FEA &amp; Stress Analysis.<\/p>\t\t\t\t\t\t\t\t<\/div>\n\t\t\t\t<\/div>\n\t\t\t\t<\/div>\n\t\t\t\t\t<\/div>\n\t\t\t\t<\/div>\n\t\t<div class=\"elementor-element elementor-element-98c9304 e-flex e-con-boxed e-con e-parent\" data-id=\"98c9304\" data-element_type=\"container\" data-e-type=\"container\">\n\t\t\t\t\t<div class=\"e-con-inner\">\n\t\t<div class=\"elementor-element elementor-element-5c22563 e-con-full e-flex e-con e-child\" data-id=\"5c22563\" data-element_type=\"container\" data-e-type=\"container\" data-settings=\"{&quot;background_background&quot;:&quot;classic&quot;}\">\n\t\t<div class=\"elementor-element elementor-element-f780a66 e-con-full e-flex e-con e-child\" data-id=\"f780a66\" data-element_type=\"container\" data-e-type=\"container\">\n\t\t\t\t<div class=\"elementor-element elementor-element-ceb4e2c elementor-widget elementor-widget-image\" data-id=\"ceb4e2c\" data-element_type=\"widget\" data-e-type=\"widget\" data-widget_type=\"image.default\">\n\t\t\t\t\t\t\t\t\t\t\t\t\t\t\t<img decoding=\"async\" width=\"694\" height=\"530\" src=\"https:\/\/camtinc.com\/wp-content\/uploads\/2025\/04\/FEAStress-Analysis.webp\" class=\"attachment-large size-large wp-image-1253\" alt=\"FEA&amp;Stress Analysis\" srcset=\"https:\/\/camtinc.com\/wp-content\/uploads\/2025\/04\/FEAStress-Analysis.webp 694w, https:\/\/camtinc.com\/wp-content\/uploads\/2025\/04\/FEAStress-Analysis-300x229.webp 300w\" sizes=\"(max-width: 694px) 100vw, 694px\" \/>\t\t\t\t\t\t\t\t\t\t\t\t\t\t\t<\/div>\n\t\t\t\t<\/div>\n\t\t<div class=\"elementor-element elementor-element-3ad3a00 e-con-full e-flex e-con e-child\" data-id=\"3ad3a00\" data-element_type=\"container\" data-e-type=\"container\">\n\t\t\t\t<div class=\"elementor-element elementor-element-2a304fb elementor-widget elementor-widget-heading\" data-id=\"2a304fb\" data-element_type=\"widget\" data-e-type=\"widget\" data-widget_type=\"heading.default\">\n\t\t\t\t\t<h2 class=\"elementor-heading-title elementor-size-default\">Stress Analysis &amp; Finite Element Analysis<\/h2>\t\t\t\t<\/div>\n\t\t\t\t<div class=\"elementor-element elementor-element-af93d17 elementor-widget elementor-widget-text-editor\" data-id=\"af93d17\" data-element_type=\"widget\" data-e-type=\"widget\" data-widget_type=\"text-editor.default\">\n\t\t\t\t\t\t\t\t\tFEA accurately predicts stress distribution patterns, deformation characteristics, and load-bearing capacities under various operating conditions. This advanced analytical approach enables engineers to identify and reinforce potential weak points in the frame, ram, and bed assembly while optimizing material usage through topology optimization techniques. The analysis specifically targets critical performance factors including ram deflection compensation accuracy, structural vibration damping, and fatigue resistance under cyclic loading conditions. Through iterative simulation processes, FEA facilitates the development of press brakes with enhanced rigidity-to-weight ratios, improved energy efficiency, and prolonged service life.\t\t\t\t\t\t\t\t<\/div>\n\t\t\t\t<div class=\"elementor-element elementor-element-771c61d elementor-widget elementor-widget-text-editor\" data-id=\"771c61d\" data-element_type=\"widget\" data-e-type=\"widget\" data-widget_type=\"text-editor.default\">\n\t\t\t\t\t\t\t\t\t<p>Finite Element Analysis (FEA) provides crucial advantages for press brake slide design by enabling precise stress mapping, deformation prediction, and dynamic performance optimization. The analysis identifies high-stress concentrations, calculates deflection compensation needs, and validates fatigue resistance \u2013 allowing engineers to optimize slide geometry for maximum stiffness-to-weight ratio.\u00a0<\/p>\t\t\t\t\t\t\t\t<\/div>\n\t\t\t\t<div class=\"elementor-element elementor-element-1031b09 elementor-widget elementor-widget-button\" data-id=\"1031b09\" data-element_type=\"widget\" data-e-type=\"widget\" data-widget_type=\"button.default\">\n\t\t\t\t\t\t\t\t\t\t<a class=\"elementor-button elementor-button-link elementor-size-sm\" href=\"#\">\n\t\t\t\t\t\t<span class=\"elementor-button-content-wrapper\">\n\t\t\t\t\t\t<span class=\"elementor-button-icon\">\n\t\t\t\t<svg aria-hidden=\"true\" class=\"e-font-icon-svg e-far-arrow-alt-circle-right\" viewbox=\"0 0 512 512\" xmlns=\"http:\/\/www.w3.org\/2000\/svg\"><path d=\"M504 256C504 119 393 8 256 8S8 119 8 256s111 248 248 248 248-111 248-248zm-448 0c0-110.5 89.5-200 200-200s200 89.5 200 200-89.5 200-200 200S56 366.5 56 256zm72 20v-40c0-6.6 5.4-12 12-12h116v-67c0-10.7 12.9-16 20.5-8.5l99 99c4.7 4.7 4.7 12.3 0 17l-99 99c-7.6 7.6-20.5 2.2-20.5-8.5v-67H140c-6.6 0-12-5.4-12-12z\"><\/path><\/svg>\t\t\t<\/span>\n\t\t\t\t\t\t\t\t\t<span class=\"elementor-button-text\">M12 12 pin<\/span>\n\t\t\t\t\t<\/span>\n\t\t\t\t\t<\/a>\n\t\t\t\t\t\t\t\t<\/div>\n\t\t\t\t<\/div>\n\t\t\t\t<\/div>\n\t\t\t\t\t<\/div>\n\t\t\t\t<\/div>\n\t\t<div class=\"elementor-element elementor-element-506a464 e-flex e-con-boxed e-con e-parent\" data-id=\"506a464\" data-element_type=\"container\" data-e-type=\"container\">\n\t\t\t\t\t<div class=\"e-con-inner\">\n\t\t<div class=\"elementor-element elementor-element-0870ca9 e-con-full e-flex e-con e-child\" data-id=\"0870ca9\" data-element_type=\"container\" data-e-type=\"container\">\n\t\t\t\t<div class=\"elementor-element elementor-element-9c434a2 elementor-widget elementor-widget-text-editor\" data-id=\"9c434a2\" data-element_type=\"widget\" data-e-type=\"widget\" data-widget_type=\"text-editor.default\">\n\t\t\t\t\t\t\t\t\t<p>Stress-relief tempering treatment for machine tool frames involves controlled heating (typically 550-650\u00b0C) followed by gradual cooling to reorganize the metallic microstructure and eliminate residual stresses from casting\/welding processes. This thermal treatment enhances the frame\u2019s structural integrity by achieving three critical improvements:\u00a0 80-95% reduction in internal stresses that could cause dimensional instability. 20-30% increase in vibration damping capacity through grain refinement. Improved load distribution characteristics. The treated frame demonstrates measurable performance enhancements including 0.005mm\/m better geometric accuracy under load, 15-20% higher static\/dynamic stiffness, and 50% longer service life against fatigue cracks. These metallurgical improvements directly translate to superior machine tool performance: reduced chatter during heavy cuts, maintained positioning accuracy over extended periods, and minimized need for recalibration \u2013 particularly critical for high-precision CNC equipment operating under variable thermal and mechanical loads.<\/p>\t\t\t\t\t\t\t\t<\/div>\n\t\t\t\t<\/div>\n\t\t<div class=\"elementor-element elementor-element-2b83bce e-con-full e-flex e-con e-child\" data-id=\"2b83bce\" data-element_type=\"container\" data-e-type=\"container\">\n\t\t\t\t<div class=\"elementor-element elementor-element-cc9e4a9 elementor-widget elementor-widget-image\" data-id=\"cc9e4a9\" data-element_type=\"widget\" data-e-type=\"widget\" data-widget_type=\"image.default\">\n\t\t\t\t\t\t\t\t\t\t\t\t\t\t\t<img decoding=\"async\" width=\"454\" height=\"260\" src=\"https:\/\/camtinc.com\/wp-content\/uploads\/2025\/04\/Slider-FEAStress-Analysis.webp\" class=\"attachment-large size-large wp-image-1254\" alt=\"Slider FEA&amp;Stress Analysis\" srcset=\"https:\/\/camtinc.com\/wp-content\/uploads\/2025\/04\/Slider-FEAStress-Analysis.webp 454w, https:\/\/camtinc.com\/wp-content\/uploads\/2025\/04\/Slider-FEAStress-Analysis-300x172.webp 300w\" sizes=\"(max-width: 454px) 100vw, 454px\" \/>\t\t\t\t\t\t\t\t\t\t\t\t\t\t\t<\/div>\n\t\t\t\t<\/div>\n\t\t\t\t\t<\/div>\n\t\t\t\t<\/div>\n\t\t<div class=\"elementor-element elementor-element-cf8b026 e-flex e-con-boxed e-con e-parent\" data-id=\"cf8b026\" data-element_type=\"container\" data-e-type=\"container\">\n\t\t\t\t\t<div class=\"e-con-inner\">\n\t\t<div class=\"elementor-element elementor-element-9a3dc82 e-con-full e-flex e-con e-child\" data-id=\"9a3dc82\" data-element_type=\"container\" data-e-type=\"container\" data-settings=\"{&quot;background_background&quot;:&quot;classic&quot;}\">\n\t\t<div class=\"elementor-element elementor-element-69b5be7 e-con-full e-flex e-con e-child\" data-id=\"69b5be7\" data-element_type=\"container\" data-e-type=\"container\">\n\t\t\t\t<div class=\"elementor-element elementor-element-51bdb34 elementor-widget elementor-widget-image\" data-id=\"51bdb34\" data-element_type=\"widget\" data-e-type=\"widget\" data-widget_type=\"image.default\">\n\t\t\t\t\t\t\t\t\t\t\t\t\t\t\t<img loading=\"lazy\" decoding=\"async\" width=\"800\" height=\"673\" src=\"https:\/\/camtinc.com\/wp-content\/uploads\/2025\/04\/Heat-Treatment-1024x862.webp\" class=\"attachment-large size-large wp-image-1255\" alt=\"Heat Treatment\" srcset=\"https:\/\/camtinc.com\/wp-content\/uploads\/2025\/04\/Heat-Treatment-1024x862.webp 1024w, https:\/\/camtinc.com\/wp-content\/uploads\/2025\/04\/Heat-Treatment-300x253.webp 300w, https:\/\/camtinc.com\/wp-content\/uploads\/2025\/04\/Heat-Treatment-768x646.webp 768w, https:\/\/camtinc.com\/wp-content\/uploads\/2025\/04\/Heat-Treatment.webp 1339w\" sizes=\"(max-width: 800px) 100vw, 800px\" \/>\t\t\t\t\t\t\t\t\t\t\t\t\t\t\t<\/div>\n\t\t\t\t<\/div>\n\t\t<div class=\"elementor-element elementor-element-1d0a8e4 e-con-full e-flex e-con e-child\" data-id=\"1d0a8e4\" data-element_type=\"container\" data-e-type=\"container\">\n\t\t\t\t<div class=\"elementor-element elementor-element-807c7d9 elementor-widget elementor-widget-heading\" data-id=\"807c7d9\" data-element_type=\"widget\" data-e-type=\"widget\" data-widget_type=\"heading.default\">\n\t\t\t\t\t<h2 class=\"elementor-heading-title elementor-size-default\">Mechanical Processes<\/h2>\t\t\t\t<\/div>\n\t\t\t\t<div class=\"elementor-element elementor-element-2c53996 elementor-widget elementor-widget-text-editor\" data-id=\"2c53996\" data-element_type=\"widget\" data-e-type=\"widget\" data-widget_type=\"text-editor.default\">\n\t\t\t\t\t\t\t\t\t<p><strong>Full machining of machine tool frames on floor-type boring mills provides critical advantages for heavy-duty equipment by achieving unmatched structural precision and performance characteristics.<\/strong><\/p>\t\t\t\t\t\t\t\t<\/div>\n\t\t\t\t<\/div>\n\t\t\t\t<\/div>\n\t\t\t\t\t<\/div>\n\t\t\t\t<\/div>\n\t\t<div class=\"elementor-element elementor-element-10147a7 e-flex e-con-boxed e-con e-parent\" data-id=\"10147a7\" data-element_type=\"container\" data-e-type=\"container\">\n\t\t\t\t\t<div class=\"e-con-inner\">\n\t\t<div class=\"elementor-element elementor-element-4984d67 e-con-full e-flex e-con e-child\" data-id=\"4984d67\" data-element_type=\"container\" data-e-type=\"container\" data-settings=\"{&quot;background_background&quot;:&quot;classic&quot;}\">\n\t\t<div class=\"elementor-element elementor-element-d2c7b6a e-con-full e-flex e-con e-child\" data-id=\"d2c7b6a\" data-element_type=\"container\" data-e-type=\"container\">\n\t\t\t\t<div class=\"elementor-element elementor-element-06b0262 elementor-widget elementor-widget-heading\" data-id=\"06b0262\" data-element_type=\"widget\" data-e-type=\"widget\" data-widget_type=\"heading.default\">\n\t\t\t\t\t<h2 class=\"elementor-heading-title elementor-size-default\">This comprehensive machining process ensures all critical mounting surfaces (guideways, spindle interfaces, and column mating faces) are finished in a single setup with positioning accuracy within 0.01mm\/m, eliminating cumulative errors from multiple clamping operations. The key benefits include: perfect geometric alignment of all functional surfaces (flatness \u22640.005mm\/1000mm). Optimized stress distribution through uniform material removal. Superior surface finish (Ra 0.8-1.6\u03bcm) for enhanced component mating and wear resistance. These precision-machined frames demonstrate 30-40% better load distribution compared to conventionally manufactured bases, resulting in 20% higher dynamic stiffness and 50% longer guideway service life. The process particularly benefits large CNC boring\/milling machines by ensuring thermal stability during heavy cutting operations (maintaining \u22640.015mm dimensional variation under 30\u00b0C temperature fluctuations) and providing vibration damping characteristics critical for achieving micron-level machining accuracy.<\/h2>\t\t\t\t<\/div>\n\t\t\t\t<div class=\"elementor-element elementor-element-65f8ba5 elementor-widget elementor-widget-text-editor\" data-id=\"65f8ba5\" data-element_type=\"widget\" data-e-type=\"widget\" data-widget_type=\"text-editor.default\">\n\t\t\t\t\t\t\t\t\t<p><strong>El mecanizado completo de bastidores de m\u00e1quinas herramienta en fresadoras-mandrinadoras de tipo suelo proporciona ventajas cr\u00edticas para equipos de servicio pesado al lograr una precisi\u00f3n estructural y caracter\u00edsticas de rendimiento inigualables.<\/strong> Este proceso de mecanizado integral garantiza que todas las superficies de montaje cr\u00edticas (gu\u00edas, interfaces de husillo y caras de acoplamiento de columnas) se terminen en una sola configuraci\u00f3n con una precisi\u00f3n de posicionamiento de 0.01mm\/m, eliminando errores acumulativos de m\u00faltiples operaciones de sujeci\u00f3n. Los beneficios clave incluyen: alineaci\u00f3n geom\u00e9trica perfecta de todas las superficies funcionales (planitud \u22640.005mm\/1000mm). Distribuci\u00f3n optimizada del estr\u00e9s mediante la eliminaci\u00f3n uniforme de material. Acabado superficial superior (Ra 0.8-1.6\u03bcm) para un mejor acoplamiento de componentes y resistencia al desgaste. Estos bastidores mecanizados con precisi\u00f3n demuestran una distribuci\u00f3n de carga 30-40% mejor en comparaci\u00f3n con las bases fabricadas convencionalmente, lo que resulta en una rigidez din\u00e1mica 20% mayor y una vida \u00fatil de las gu\u00edas 50% m\u00e1s larga. El proceso beneficia particularmente a las grandes m\u00e1quinas de mandrinado\/fresado CNC al garantizar la estabilidad t\u00e9rmica durante las operaciones de corte pesado (manteniendo una variaci\u00f3n dimensional de \u22640.015mm bajo fluctuaciones de temperatura de 30\u00b0C) y al proporcionar caracter\u00edsticas de amortiguaci\u00f3n de vibraciones cr\u00edticas para lograr una precisi\u00f3n de mecanizado a nivel de micras.<\/p>\t\t\t\t\t\t\t\t<\/div>\n\t\t\t\t<\/div>\n\t\t<div class=\"elementor-element elementor-element-6765387 e-con-full e-flex e-con e-child\" data-id=\"6765387\" data-element_type=\"container\" data-e-type=\"container\">\n\t\t\t\t<div class=\"elementor-element elementor-element-e088399 elementor-widget elementor-widget-image\" data-id=\"e088399\" data-element_type=\"widget\" data-e-type=\"widget\" data-widget_type=\"image.default\">\n\t\t\t\t\t\t\t\t\t\t\t\t\t\t\t<img loading=\"lazy\" decoding=\"async\" width=\"800\" height=\"800\" src=\"https:\/\/camtinc.com\/wp-content\/uploads\/2025\/04\/BoringMilling-Machine-1024x1024.webp\" class=\"attachment-large size-large wp-image-1256\" alt=\"Boring&amp;Milling Machine\" srcset=\"https:\/\/camtinc.com\/wp-content\/uploads\/2025\/04\/BoringMilling-Machine-1024x1024.webp 1024w, https:\/\/camtinc.com\/wp-content\/uploads\/2025\/04\/BoringMilling-Machine-300x300.webp 300w, https:\/\/camtinc.com\/wp-content\/uploads\/2025\/04\/BoringMilling-Machine-150x150.webp 150w, https:\/\/camtinc.com\/wp-content\/uploads\/2025\/04\/BoringMilling-Machine-768x768.webp 768w, https:\/\/camtinc.com\/wp-content\/uploads\/2025\/04\/BoringMilling-Machine.webp 1280w\" sizes=\"(max-width: 800px) 100vw, 800px\" \/>\t\t\t\t\t\t\t\t\t\t\t\t\t\t\t<\/div>\n\t\t\t\t<\/div>\n\t\t\t\t<\/div>\n\t\t\t\t\t<\/div>\n\t\t\t\t<\/div>\n\t\t\t\t<\/div>","protected":false},"excerpt":{"rendered":"<p>Production Advantages R&amp;D And Processes Mechanical Engineering Design CAMT has strong in-house R&amp;D capabilities and extensive experience in designing high-precision components using SOLIDWORKS 3D CAD modeling. Our engineers employ first-principles calculations to optimize the structural design of CNC press brakes and laser cutting machines. All independently developed designs and technical drawings incorporate advanced ergonomic principles [\u2026]<\/p>","protected":false},"author":1,"featured_media":0,"parent":0,"menu_order":0,"comment_status":"closed","ping_status":"closed","template":"","meta":{"footnotes":""},"class_list":["post-89","page","type-page","status-publish","hentry"],"_links":{"self":[{"href":"https:\/\/camtinc.com\/es\/wp-json\/wp\/v2\/pages\/89","targetHints":{"allow":["GET"]}}],"collection":[{"href":"https:\/\/camtinc.com\/es\/wp-json\/wp\/v2\/pages"}],"about":[{"href":"https:\/\/camtinc.com\/es\/wp-json\/wp\/v2\/types\/page"}],"author":[{"embeddable":true,"href":"https:\/\/camtinc.com\/es\/wp-json\/wp\/v2\/users\/1"}],"replies":[{"embeddable":true,"href":"https:\/\/camtinc.com\/es\/wp-json\/wp\/v2\/comments?post=89"}],"version-history":[{"count":17,"href":"https:\/\/camtinc.com\/es\/wp-json\/wp\/v2\/pages\/89\/revisions"}],"predecessor-version":[{"id":2911,"href":"https:\/\/camtinc.com\/es\/wp-json\/wp\/v2\/pages\/89\/revisions\/2911"}],"wp:attachment":[{"href":"https:\/\/camtinc.com\/es\/wp-json\/wp\/v2\/media?parent=89"}],"curies":[{"name":"wp","href":"https:\/\/api.w.org\/{rel}","templated":true}]}}